{"id":341234,"date":"2025-11-24T12:19:02","date_gmt":"2025-11-24T15:19:02","guid":{"rendered":"https:\/\/www.livrariarema.com.br\/loja\/produtos\/sem categoria\/escreva-e-apague-atividades-divertidas-kit-escreva-e-apague\/"},"modified":"2026-02-05T12:32:52","modified_gmt":"2026-02-05T15:32:52","slug":"escreva-e-apague-atividades-divertidas-kit-escreva-e-apague","status":"publish","type":"product","link":"https:\/\/www.livrariarema.com.br\/loja\/produtos\/livros\/infantil\/escreva-e-apague-atividades-divertidas-kit-escreva-e-apague\/","title":{"rendered":"Escreva E Apague &#8211; Atividades Divertidas &#8211; Kit Escreva E Apague"},"content":{"rendered":"<p>Este incr\u00edvel kit \u00e9 pura divers\u00e3o e muito aprendizado! Ele vem com um livro e oito canetas coloridas, para voc\u00ea fazer as atividades divertidas e, depois, apagar e refazer quantas vezes quiser! Tem ligue os pontos, jogo dos erros, colorir e muito mais! Vem com: 8 canetas coloridas com miniapagadores acoplados e livro de atividades. Voc\u00ea vai adorar!<\/p>\n","protected":false},"excerpt":{"rendered":"<p>Este incr\u00edvel kit \u00e9 pura divers\u00e3o e muito aprendizado! Ele vem com um livro e oito canetas coloridas, para voc\u00ea&hellip;<\/p>\n","protected":false},"featured_media":341233,"comment_status":"open","ping_status":"closed","template":"","meta":[],"product_cat":[144,134],"product_tag":[],"_links":{"self":[{"href":"https:\/\/www.livrariarema.com.br\/loja\/wp-json\/wp\/v2\/product\/341234"}],"collection":[{"href":"https:\/\/www.livrariarema.com.br\/loja\/wp-json\/wp\/v2\/product"}],"about":[{"href":"https:\/\/www.livrariarema.com.br\/loja\/wp-json\/wp\/v2\/types\/product"}],"replies":[{"embeddable":true,"href":"https:\/\/www.livrariarema.com.br\/loja\/wp-json\/wp\/v2\/comments?post=341234"}],"wp:featuredmedia":[{"embeddable":true,"href":"https:\/\/www.livrariarema.com.br\/loja\/wp-json\/wp\/v2\/media\/341233"}],"wp:attachment":[{"href":"https:\/\/www.livrariarema.com.br\/loja\/wp-json\/wp\/v2\/media?parent=341234"}],"wp:term":[{"taxonomy":"product_cat","embeddable":true,"href":"https:\/\/www.livrariarema.com.br\/loja\/wp-json\/wp\/v2\/product_cat?post=341234"},{"taxonomy":"product_tag","embeddable":true,"href":"https:\/\/www.livrariarema.com.br\/loja\/wp-json\/wp\/v2\/product_tag?post=341234"}],"curies":[{"name":"wp","href":"https:\/\/api.w.org\/{rel}","templated":true}]}}