{"id":341236,"date":"2025-11-24T12:19:53","date_gmt":"2025-11-24T15:19:53","guid":{"rendered":"https:\/\/www.livrariarema.com.br\/loja\/produtos\/sem categoria\/o-bosque-dos-sentimentos-adeus-raiva-ola-calma\/"},"modified":"2026-04-01T18:21:58","modified_gmt":"2026-04-01T21:21:58","slug":"o-bosque-dos-sentimentos-adeus-raiva-ola-calma","status":"publish","type":"product","link":"https:\/\/www.livrariarema.com.br\/loja\/produtos\/livros\/infantil\/o-bosque-dos-sentimentos-adeus-raiva-ola-calma\/","title":{"rendered":"O Bosque Dos Sentimentos &#8211; Adeus, Raiva. Ol\u00e1, Calma!"},"content":{"rendered":"<p>Virg\u00edlio, a coruja, estava tirando uma soneca tranquila quando &#8211; B\u00d3IM! &#8211; levou uma bolada do nada! Que raiva! Ele ficou t\u00e3o furioso que nem sabia o que fazer com tanto sentimento. Virg\u00edlio n\u00e3o \u00e9 mau, s\u00f3 ainda n\u00e3o aprendeu a lidar com a raiva. Mas, com a ajuda de novos amigos, vai descobrir que sentir raiva \u00e9 normal &#8211; o importante \u00e9 aprender a expressar esse sentimento sem machucar ningu\u00e9m. Porque todo mundo sente raiva de vez em quando&#8230; e tudo bem!<\/p>\n","protected":false},"excerpt":{"rendered":"<p>Virg\u00edlio, a coruja, estava tirando uma soneca tranquila quando &#8211; B\u00d3IM! &#8211; levou uma bolada do nada! Que raiva! Ele&hellip;<\/p>\n","protected":false},"featured_media":346526,"comment_status":"open","ping_status":"closed","template":"","meta":[],"product_cat":[144,134],"product_tag":[],"_links":{"self":[{"href":"https:\/\/www.livrariarema.com.br\/loja\/wp-json\/wp\/v2\/product\/341236"}],"collection":[{"href":"https:\/\/www.livrariarema.com.br\/loja\/wp-json\/wp\/v2\/product"}],"about":[{"href":"https:\/\/www.livrariarema.com.br\/loja\/wp-json\/wp\/v2\/types\/product"}],"replies":[{"embeddable":true,"href":"https:\/\/www.livrariarema.com.br\/loja\/wp-json\/wp\/v2\/comments?post=341236"}],"wp:featuredmedia":[{"embeddable":true,"href":"https:\/\/www.livrariarema.com.br\/loja\/wp-json\/wp\/v2\/media\/346526"}],"wp:attachment":[{"href":"https:\/\/www.livrariarema.com.br\/loja\/wp-json\/wp\/v2\/media?parent=341236"}],"wp:term":[{"taxonomy":"product_cat","embeddable":true,"href":"https:\/\/www.livrariarema.com.br\/loja\/wp-json\/wp\/v2\/product_cat?post=341236"},{"taxonomy":"product_tag","embeddable":true,"href":"https:\/\/www.livrariarema.com.br\/loja\/wp-json\/wp\/v2\/product_tag?post=341236"}],"curies":[{"name":"wp","href":"https:\/\/api.w.org\/{rel}","templated":true}]}}