{"id":341238,"date":"2025-11-24T12:19:59","date_gmt":"2025-11-24T15:19:59","guid":{"rendered":"https:\/\/www.livrariarema.com.br\/loja\/produtos\/sem categoria\/o-bosque-dos-sentimentos-adeus-ciume-ola-confianca\/"},"modified":"2026-03-24T11:07:45","modified_gmt":"2026-03-24T14:07:45","slug":"o-bosque-dos-sentimentos-adeus-ciume-ola-confianca","status":"publish","type":"product","link":"https:\/\/www.livrariarema.com.br\/loja\/produtos\/livros\/infantil\/o-bosque-dos-sentimentos-adeus-ciume-ola-confianca\/","title":{"rendered":"O Bosque Dos Sentimentos &#8211; Adeus, Ci\u00fame. Ola, Confian\u00e7a!"},"content":{"rendered":"<p>Olavo, o ouri\u00e7o, acaba de ganhar um irm\u00e3ozinho &#8211; mas, para ele, isso n\u00e3o parece ser uma boa not\u00edcia. De repente, o beb\u00ea virou o centro das aten\u00e7\u00f5es, e Olavo se sente deixado de lado. E ele, onde fica nessa hist\u00f3ria? Ainda bem que Olavo pode contar com amigos que o ajudam a entender esse turbilh\u00e3o de sentimentos. Porque sentir ci\u00fames \u00e9 normal, principalmente quando as coisas mudam. Com carinho e paci\u00eancia, ele vai descobrir que o amor da fam\u00edlia s\u00f3 cresce &#8211; e que sempre h\u00e1 espa\u00e7o para todos no cora\u00e7\u00e3o de quem a gente ama.<\/p>\n","protected":false},"excerpt":{"rendered":"<p>Olavo, o ouri\u00e7o, acaba de ganhar um irm\u00e3ozinho &#8211; mas, para ele, isso n\u00e3o parece ser uma boa not\u00edcia. De&hellip;<\/p>\n","protected":false},"featured_media":346531,"comment_status":"open","ping_status":"closed","template":"","meta":[],"product_cat":[144,134],"product_tag":[],"_links":{"self":[{"href":"https:\/\/www.livrariarema.com.br\/loja\/wp-json\/wp\/v2\/product\/341238"}],"collection":[{"href":"https:\/\/www.livrariarema.com.br\/loja\/wp-json\/wp\/v2\/product"}],"about":[{"href":"https:\/\/www.livrariarema.com.br\/loja\/wp-json\/wp\/v2\/types\/product"}],"replies":[{"embeddable":true,"href":"https:\/\/www.livrariarema.com.br\/loja\/wp-json\/wp\/v2\/comments?post=341238"}],"wp:featuredmedia":[{"embeddable":true,"href":"https:\/\/www.livrariarema.com.br\/loja\/wp-json\/wp\/v2\/media\/346531"}],"wp:attachment":[{"href":"https:\/\/www.livrariarema.com.br\/loja\/wp-json\/wp\/v2\/media?parent=341238"}],"wp:term":[{"taxonomy":"product_cat","embeddable":true,"href":"https:\/\/www.livrariarema.com.br\/loja\/wp-json\/wp\/v2\/product_cat?post=341238"},{"taxonomy":"product_tag","embeddable":true,"href":"https:\/\/www.livrariarema.com.br\/loja\/wp-json\/wp\/v2\/product_tag?post=341238"}],"curies":[{"name":"wp","href":"https:\/\/api.w.org\/{rel}","templated":true}]}}