{"id":341242,"date":"2025-11-24T12:20:16","date_gmt":"2025-11-24T15:20:16","guid":{"rendered":"https:\/\/www.livrariarema.com.br\/loja\/produtos\/sem categoria\/o-bosque-dos-sentimentos-adeus-tristeza-ola-alegria\/"},"modified":"2026-03-24T11:08:03","modified_gmt":"2026-03-24T14:08:03","slug":"o-bosque-dos-sentimentos-adeus-tristeza-ola-alegria","status":"publish","type":"product","link":"https:\/\/www.livrariarema.com.br\/loja\/produtos\/livros\/infantil\/o-bosque-dos-sentimentos-adeus-tristeza-ola-alegria\/","title":{"rendered":"O Bosque Dos Sentimentos &#8211; Adeus, Tristeza. Ol\u00e1, Alegria!"},"content":{"rendered":"<p>Ol\u00edvia, a r\u00e3, \u00e9 cheia de alegria. mas hoje seu cora\u00e7\u00e3o est\u00e1 apertado. Sua melhor amiga, a lagartixa Berta, vai se mudar, e Ol\u00edvia n\u00e3o sabe como lidar com tanta tristeza. Como seguir em frente sem algu\u00e9m t\u00e3o especial por perto? Aos poucos, ela vai perceber que, mesmo quando as coisas n\u00e3o saem como a gente gostaria, ainda existem muitas formas de encontrar a felicidade. Porque at\u00e9 um dia triste pode se transformar em um novo come\u00e7o &#8211; cheio de afeto, lembran\u00e7as bonitas e novas descobertas.<\/p>\n","protected":false},"excerpt":{"rendered":"<p>Ol\u00edvia, a r\u00e3, \u00e9 cheia de alegria. mas hoje seu cora\u00e7\u00e3o est\u00e1 apertado. Sua melhor amiga, a lagartixa Berta, vai&hellip;<\/p>\n","protected":false},"featured_media":346533,"comment_status":"open","ping_status":"closed","template":"","meta":[],"product_cat":[144,134],"product_tag":[],"_links":{"self":[{"href":"https:\/\/www.livrariarema.com.br\/loja\/wp-json\/wp\/v2\/product\/341242"}],"collection":[{"href":"https:\/\/www.livrariarema.com.br\/loja\/wp-json\/wp\/v2\/product"}],"about":[{"href":"https:\/\/www.livrariarema.com.br\/loja\/wp-json\/wp\/v2\/types\/product"}],"replies":[{"embeddable":true,"href":"https:\/\/www.livrariarema.com.br\/loja\/wp-json\/wp\/v2\/comments?post=341242"}],"wp:featuredmedia":[{"embeddable":true,"href":"https:\/\/www.livrariarema.com.br\/loja\/wp-json\/wp\/v2\/media\/346533"}],"wp:attachment":[{"href":"https:\/\/www.livrariarema.com.br\/loja\/wp-json\/wp\/v2\/media?parent=341242"}],"wp:term":[{"taxonomy":"product_cat","embeddable":true,"href":"https:\/\/www.livrariarema.com.br\/loja\/wp-json\/wp\/v2\/product_cat?post=341242"},{"taxonomy":"product_tag","embeddable":true,"href":"https:\/\/www.livrariarema.com.br\/loja\/wp-json\/wp\/v2\/product_tag?post=341242"}],"curies":[{"name":"wp","href":"https:\/\/api.w.org\/{rel}","templated":true}]}}