{"id":341249,"date":"2025-11-24T12:21:12","date_gmt":"2025-11-24T15:21:12","guid":{"rendered":"https:\/\/www.livrariarema.com.br\/loja\/produtos\/sem categoria\/almofadado-medio-eu-agradeco-a-deus-por-ele-me-amar\/"},"modified":"2026-04-01T17:21:46","modified_gmt":"2026-04-01T20:21:46","slug":"almofadado-medio-eu-agradeco-a-deus-por-ele-me-amar","status":"publish","type":"product","link":"https:\/\/www.livrariarema.com.br\/loja\/produtos\/livros\/infantil\/almofadado-medio-eu-agradeco-a-deus-por-ele-me-amar\/","title":{"rendered":"Almofadado M\u00e9dio &#8211; Eu Agrade\u00e7o A Deus Por Ele Me Amar!"},"content":{"rendered":"<p>Temos tanto pelo que agradecer! Neste livro b\u00edblico, os pequeninos v\u00e3o descobrir e apreciar o imenso amor de Deus por n\u00f3s. Com as dez hist\u00f3rias b\u00edblicas aqui contidas, as crian\u00e7as ver\u00e3o como a Palavra de Deus est\u00e1 repleta de hist\u00f3rias que mostram o amor d&#8217;Ele e poder\u00e3o agradecer-lhe por isso! Ah&#8230; e o mais incr\u00edvel \u00e9 que a leitura ser\u00e1 acompanhada com abas interagindo e mantendo a aten\u00e7\u00e3o do seu pequeno.<\/p>\n","protected":false},"excerpt":{"rendered":"<p>Temos tanto pelo que agradecer! Neste livro b\u00edblico, os pequeninos v\u00e3o descobrir e apreciar o imenso amor de Deus por&hellip;<\/p>\n","protected":false},"featured_media":341248,"comment_status":"open","ping_status":"closed","template":"","meta":[],"product_cat":[144,134],"product_tag":[],"_links":{"self":[{"href":"https:\/\/www.livrariarema.com.br\/loja\/wp-json\/wp\/v2\/product\/341249"}],"collection":[{"href":"https:\/\/www.livrariarema.com.br\/loja\/wp-json\/wp\/v2\/product"}],"about":[{"href":"https:\/\/www.livrariarema.com.br\/loja\/wp-json\/wp\/v2\/types\/product"}],"replies":[{"embeddable":true,"href":"https:\/\/www.livrariarema.com.br\/loja\/wp-json\/wp\/v2\/comments?post=341249"}],"wp:featuredmedia":[{"embeddable":true,"href":"https:\/\/www.livrariarema.com.br\/loja\/wp-json\/wp\/v2\/media\/341248"}],"wp:attachment":[{"href":"https:\/\/www.livrariarema.com.br\/loja\/wp-json\/wp\/v2\/media?parent=341249"}],"wp:term":[{"taxonomy":"product_cat","embeddable":true,"href":"https:\/\/www.livrariarema.com.br\/loja\/wp-json\/wp\/v2\/product_cat?post=341249"},{"taxonomy":"product_tag","embeddable":true,"href":"https:\/\/www.livrariarema.com.br\/loja\/wp-json\/wp\/v2\/product_tag?post=341249"}],"curies":[{"name":"wp","href":"https:\/\/api.w.org\/{rel}","templated":true}]}}