{"id":341251,"date":"2025-11-24T12:21:20","date_gmt":"2025-11-24T15:21:20","guid":{"rendered":"https:\/\/www.livrariarema.com.br\/loja\/produtos\/sem categoria\/almofadado-medio-eu-agradeco-a-deus-por-aqueles-que-amo\/"},"modified":"2025-11-24T12:21:22","modified_gmt":"2025-11-24T15:21:22","slug":"almofadado-medio-eu-agradeco-a-deus-por-aqueles-que-amo","status":"publish","type":"product","link":"https:\/\/www.livrariarema.com.br\/loja\/produtos\/livros\/infantil\/almofadado-medio-eu-agradeco-a-deus-por-aqueles-que-amo\/","title":{"rendered":"Almofadado M\u00e9dio &#8211; Eu Agrade\u00e7o A Deus Por Aqueles Que Amo!"},"content":{"rendered":"<p>Temos tanto pelo que agradecer! Neste livro b\u00edblico, os pequeninos v\u00e3o descobrir e apreciar o amor pelos amigos e familiares. Com as dez hist\u00f3rias b\u00edblicas aqui contidas, as crian\u00e7as aprender\u00e3o que seus relacionamentos interpessoais s\u00e3o b\u00ean\u00e7\u00e3os de Deus e poder\u00e3o agradecer a Ele por isso! Ah&#8230; e o mais incr\u00edvel \u00e9 que a leitura ser\u00e1 acompanhada com abas interagindo e mantendo a aten\u00e7\u00e3o do seu pequeno.<\/p>\n","protected":false},"excerpt":{"rendered":"<p>Temos tanto pelo que agradecer! Neste livro b\u00edblico, os pequeninos v\u00e3o descobrir e apreciar o amor pelos amigos e familiares.&hellip;<\/p>\n","protected":false},"featured_media":341250,"comment_status":"open","ping_status":"closed","template":"","meta":[],"product_cat":[144,134],"product_tag":[],"_links":{"self":[{"href":"https:\/\/www.livrariarema.com.br\/loja\/wp-json\/wp\/v2\/product\/341251"}],"collection":[{"href":"https:\/\/www.livrariarema.com.br\/loja\/wp-json\/wp\/v2\/product"}],"about":[{"href":"https:\/\/www.livrariarema.com.br\/loja\/wp-json\/wp\/v2\/types\/product"}],"replies":[{"embeddable":true,"href":"https:\/\/www.livrariarema.com.br\/loja\/wp-json\/wp\/v2\/comments?post=341251"}],"wp:featuredmedia":[{"embeddable":true,"href":"https:\/\/www.livrariarema.com.br\/loja\/wp-json\/wp\/v2\/media\/341250"}],"wp:attachment":[{"href":"https:\/\/www.livrariarema.com.br\/loja\/wp-json\/wp\/v2\/media?parent=341251"}],"wp:term":[{"taxonomy":"product_cat","embeddable":true,"href":"https:\/\/www.livrariarema.com.br\/loja\/wp-json\/wp\/v2\/product_cat?post=341251"},{"taxonomy":"product_tag","embeddable":true,"href":"https:\/\/www.livrariarema.com.br\/loja\/wp-json\/wp\/v2\/product_tag?post=341251"}],"curies":[{"name":"wp","href":"https:\/\/api.w.org\/{rel}","templated":true}]}}