{"id":341253,"date":"2025-11-24T12:21:38","date_gmt":"2025-11-24T15:21:38","guid":{"rendered":"https:\/\/www.livrariarema.com.br\/loja\/produtos\/sem categoria\/livro-adesivos-minha-biblia-com-adesivos-brilhantes-maravilhas-de-deus\/"},"modified":"2026-04-22T14:01:12","modified_gmt":"2026-04-22T17:01:12","slug":"livro-adesivos-minha-biblia-com-adesivos-brilhantes-maravilhas-de-deus","status":"publish","type":"product","link":"https:\/\/www.livrariarema.com.br\/loja\/produtos\/livros\/didatico\/livro-adesivos-minha-biblia-com-adesivos-brilhantes-maravilhas-de-deus\/","title":{"rendered":"Livro Adesivos &#8211; Minha B\u00edblia Com Adesivos Brilhantes &#8211; Maravilhas De Deus"},"content":{"rendered":"<p>Prepare-se para muita divers\u00e3o, completando as cenas b\u00edblicas com os adesivos brilhantes!Quem n\u00e3o ama adesivos?Com eles, as hist\u00f3rias que mostram as maravilhas de Deus ganhar\u00e3o mais cores, e voc\u00ea vai se encantar!<\/p>\n","protected":false},"excerpt":{"rendered":"<p>Prepare-se para muita divers\u00e3o, completando as cenas b\u00edblicas com os adesivos brilhantes!Quem n\u00e3o ama adesivos?Com eles, as hist\u00f3rias que mostram&hellip;<\/p>\n","protected":false},"featured_media":346538,"comment_status":"open","ping_status":"closed","template":"","meta":[],"product_cat":[185,134],"product_tag":[],"_links":{"self":[{"href":"https:\/\/www.livrariarema.com.br\/loja\/wp-json\/wp\/v2\/product\/341253"}],"collection":[{"href":"https:\/\/www.livrariarema.com.br\/loja\/wp-json\/wp\/v2\/product"}],"about":[{"href":"https:\/\/www.livrariarema.com.br\/loja\/wp-json\/wp\/v2\/types\/product"}],"replies":[{"embeddable":true,"href":"https:\/\/www.livrariarema.com.br\/loja\/wp-json\/wp\/v2\/comments?post=341253"}],"wp:featuredmedia":[{"embeddable":true,"href":"https:\/\/www.livrariarema.com.br\/loja\/wp-json\/wp\/v2\/media\/346538"}],"wp:attachment":[{"href":"https:\/\/www.livrariarema.com.br\/loja\/wp-json\/wp\/v2\/media?parent=341253"}],"wp:term":[{"taxonomy":"product_cat","embeddable":true,"href":"https:\/\/www.livrariarema.com.br\/loja\/wp-json\/wp\/v2\/product_cat?post=341253"},{"taxonomy":"product_tag","embeddable":true,"href":"https:\/\/www.livrariarema.com.br\/loja\/wp-json\/wp\/v2\/product_tag?post=341253"}],"curies":[{"name":"wp","href":"https:\/\/api.w.org\/{rel}","templated":true}]}}