{"id":341261,"date":"2025-11-24T12:22:05","date_gmt":"2025-11-24T15:22:05","guid":{"rendered":"https:\/\/www.livrariarema.com.br\/loja\/produtos\/sem categoria\/livro-adesivos-minha-biblia-com-adesivos-brilhantes-herois-da-biblia\/"},"modified":"2026-04-04T12:41:18","modified_gmt":"2026-04-04T15:41:18","slug":"livro-adesivos-minha-biblia-com-adesivos-brilhantes-herois-da-biblia","status":"publish","type":"product","link":"https:\/\/www.livrariarema.com.br\/loja\/produtos\/livros\/didatico\/livro-adesivos-minha-biblia-com-adesivos-brilhantes-herois-da-biblia\/","title":{"rendered":"Livro Adesivos &#8211; Minha B\u00edblia Com Adesivos Brilhantes &#8211; Her\u00f3is Da B\u00edblia"},"content":{"rendered":"<p>Prepare-se para muita divers\u00e3o, completando as cenas b\u00edblicas com os adesivos brilhantes!Quem n\u00e3o ama adesivos?Com os adesivos brilhantes, as hist\u00f3rias deste livro cheio de her\u00f3is ganhar\u00e3o mais cores, e voc\u00ea vai se encantar!<\/p>\n","protected":false},"excerpt":{"rendered":"<p>Prepare-se para muita divers\u00e3o, completando as cenas b\u00edblicas com os adesivos brilhantes!Quem n\u00e3o ama adesivos?Com os adesivos brilhantes, as hist\u00f3rias&hellip;<\/p>\n","protected":false},"featured_media":346542,"comment_status":"open","ping_status":"closed","template":"","meta":[],"product_cat":[185,134],"product_tag":[],"_links":{"self":[{"href":"https:\/\/www.livrariarema.com.br\/loja\/wp-json\/wp\/v2\/product\/341261"}],"collection":[{"href":"https:\/\/www.livrariarema.com.br\/loja\/wp-json\/wp\/v2\/product"}],"about":[{"href":"https:\/\/www.livrariarema.com.br\/loja\/wp-json\/wp\/v2\/types\/product"}],"replies":[{"embeddable":true,"href":"https:\/\/www.livrariarema.com.br\/loja\/wp-json\/wp\/v2\/comments?post=341261"}],"wp:featuredmedia":[{"embeddable":true,"href":"https:\/\/www.livrariarema.com.br\/loja\/wp-json\/wp\/v2\/media\/346542"}],"wp:attachment":[{"href":"https:\/\/www.livrariarema.com.br\/loja\/wp-json\/wp\/v2\/media?parent=341261"}],"wp:term":[{"taxonomy":"product_cat","embeddable":true,"href":"https:\/\/www.livrariarema.com.br\/loja\/wp-json\/wp\/v2\/product_cat?post=341261"},{"taxonomy":"product_tag","embeddable":true,"href":"https:\/\/www.livrariarema.com.br\/loja\/wp-json\/wp\/v2\/product_tag?post=341261"}],"curies":[{"name":"wp","href":"https:\/\/api.w.org\/{rel}","templated":true}]}}