{"id":341270,"date":"2025-11-24T12:22:53","date_gmt":"2025-11-24T15:22:53","guid":{"rendered":"https:\/\/www.livrariarema.com.br\/loja\/produtos\/sem categoria\/flash-cards-cartas-bilingues-numeros-e-formas-numbers-and-shapes\/"},"modified":"2026-02-04T14:30:59","modified_gmt":"2026-02-04T17:30:59","slug":"flash-cards-cartas-bilingues-numeros-e-formas-numbers-and-shapes","status":"publish","type":"product","link":"https:\/\/www.livrariarema.com.br\/loja\/produtos\/livros\/infantil\/flash-cards-cartas-bilingues-numeros-e-formas-numbers-and-shapes\/","title":{"rendered":"Flash Cards &#8211; Cartas Bil\u00edngues &#8211; N\u00fameros E Formas &#8211; Numbers And Shapes"},"content":{"rendered":"<p>O uso de cartas bil\u00edngues com figuras e palavras \u00e9 uma ferramenta eficaz para o aprendizado de ingl\u00eas. A associa\u00e7\u00e3o entre imagens e palavras facilita a memoriza\u00e7\u00e3o e promove um aprendizado natural, tornando o processo mais interativo, din\u00e2mico e visualmente estimulante.<\/p>\n","protected":false},"excerpt":{"rendered":"<p>O uso de cartas bil\u00edngues com figuras e palavras \u00e9 uma ferramenta eficaz para o aprendizado de ingl\u00eas. A associa\u00e7\u00e3o&hellip;<\/p>\n","protected":false},"featured_media":341269,"comment_status":"open","ping_status":"closed","template":"","meta":[],"product_cat":[144,134],"product_tag":[],"_links":{"self":[{"href":"https:\/\/www.livrariarema.com.br\/loja\/wp-json\/wp\/v2\/product\/341270"}],"collection":[{"href":"https:\/\/www.livrariarema.com.br\/loja\/wp-json\/wp\/v2\/product"}],"about":[{"href":"https:\/\/www.livrariarema.com.br\/loja\/wp-json\/wp\/v2\/types\/product"}],"replies":[{"embeddable":true,"href":"https:\/\/www.livrariarema.com.br\/loja\/wp-json\/wp\/v2\/comments?post=341270"}],"wp:featuredmedia":[{"embeddable":true,"href":"https:\/\/www.livrariarema.com.br\/loja\/wp-json\/wp\/v2\/media\/341269"}],"wp:attachment":[{"href":"https:\/\/www.livrariarema.com.br\/loja\/wp-json\/wp\/v2\/media?parent=341270"}],"wp:term":[{"taxonomy":"product_cat","embeddable":true,"href":"https:\/\/www.livrariarema.com.br\/loja\/wp-json\/wp\/v2\/product_cat?post=341270"},{"taxonomy":"product_tag","embeddable":true,"href":"https:\/\/www.livrariarema.com.br\/loja\/wp-json\/wp\/v2\/product_tag?post=341270"}],"curies":[{"name":"wp","href":"https:\/\/api.w.org\/{rel}","templated":true}]}}