{"id":341273,"date":"2025-11-24T12:23:21","date_gmt":"2025-11-24T15:23:21","guid":{"rendered":"https:\/\/www.livrariarema.com.br\/loja\/produtos\/sem%20categoria\/cartonado-a-arca-de-noe-o-nascimento-de-jesus-com-abas-desdobravel\/"},"modified":"2026-03-24T11:08:35","modified_gmt":"2026-03-24T14:08:35","slug":"cartonado-a-arca-de-noe-o-nascimento-de-jesus-com-abas-desdobravel","status":"publish","type":"product","link":"https:\/\/www.livrariarema.com.br\/loja\/produtos\/livros\/infantil\/cartonado-a-arca-de-noe-o-nascimento-de-jesus-com-abas-desdobravel\/","title":{"rendered":"Cartonado &#8211; O Nascimento De Jesus &#8211; Com Abas Desdobr\u00e1vel"},"content":{"rendered":"<p>Encante-se com a hist\u00f3ria do nascimento de Jesus neste livro desdobr\u00e1vel. Voc\u00ea acompanhar\u00e1 Maria, que est\u00e1 prestes a receber a visita muito especial de um anjo, al\u00e9m de conhecer os pastores e s\u00e1bios, que logo testemunhar\u00e3o algo incr\u00edvel. O que ser\u00e1? Desdobre as abas e descubra!<\/p>\n","protected":false},"excerpt":{"rendered":"<p>Encante-se com a hist\u00f3ria do nascimento de Jesus neste livro desdobr\u00e1vel. Voc\u00ea acompanhar\u00e1 Maria, que est\u00e1 prestes a receber a&hellip;<\/p>\n","protected":false},"featured_media":346537,"comment_status":"open","ping_status":"closed","template":"","meta":[],"product_cat":[144,134],"product_tag":[],"_links":{"self":[{"href":"https:\/\/www.livrariarema.com.br\/loja\/wp-json\/wp\/v2\/product\/341273"}],"collection":[{"href":"https:\/\/www.livrariarema.com.br\/loja\/wp-json\/wp\/v2\/product"}],"about":[{"href":"https:\/\/www.livrariarema.com.br\/loja\/wp-json\/wp\/v2\/types\/product"}],"replies":[{"embeddable":true,"href":"https:\/\/www.livrariarema.com.br\/loja\/wp-json\/wp\/v2\/comments?post=341273"}],"wp:featuredmedia":[{"embeddable":true,"href":"https:\/\/www.livrariarema.com.br\/loja\/wp-json\/wp\/v2\/media\/346537"}],"wp:attachment":[{"href":"https:\/\/www.livrariarema.com.br\/loja\/wp-json\/wp\/v2\/media?parent=341273"}],"wp:term":[{"taxonomy":"product_cat","embeddable":true,"href":"https:\/\/www.livrariarema.com.br\/loja\/wp-json\/wp\/v2\/product_cat?post=341273"},{"taxonomy":"product_tag","embeddable":true,"href":"https:\/\/www.livrariarema.com.br\/loja\/wp-json\/wp\/v2\/product_tag?post=341273"}],"curies":[{"name":"wp","href":"https:\/\/api.w.org\/{rel}","templated":true}]}}