{"id":341277,"date":"2025-11-24T12:23:43","date_gmt":"2025-11-24T15:23:43","guid":{"rendered":"https:\/\/www.livrariarema.com.br\/loja\/produtos\/sem categoria\/almofadado-medio-eu-agradeco-a-deus-por-tudo\/"},"modified":"2026-03-20T15:12:19","modified_gmt":"2026-03-20T18:12:19","slug":"almofadado-medio-eu-agradeco-a-deus-por-tudo","status":"publish","type":"product","link":"https:\/\/www.livrariarema.com.br\/loja\/produtos\/livros\/infantil\/almofadado-medio-eu-agradeco-a-deus-por-tudo\/","title":{"rendered":"Almofadado M\u00e9dio &#8211; Eu Agrade\u00e7o A Deus Por Tudo!"},"content":{"rendered":"<p>Temos tanto pelo que agradecer! Neste livro b\u00edblico, os pequeninos v\u00e3o descobrir e apreciar todas as b\u00ean\u00e7\u00e3os que Deus nos concedeu. Com as dez hist\u00f3rias b\u00edblicas aqui contidas, as crian\u00e7as ver\u00e3o como a Cria\u00e7\u00e3o de Deus \u00e9 incr\u00edvel e poder\u00e3o agradecer-lhe por tudo o que Ele fez! Ah&#8230; e o mais incr\u00edvel \u00e9 que a leitura ser\u00e1 acompanhada com abas interagindo e mantendo a aten\u00e7\u00e3o do seu pequeno.<\/p>\n","protected":false},"excerpt":{"rendered":"<p>Temos tanto pelo que agradecer! Neste livro b\u00edblico, os pequeninos v\u00e3o descobrir e apreciar todas as b\u00ean\u00e7\u00e3os que Deus nos&hellip;<\/p>\n","protected":false},"featured_media":341276,"comment_status":"open","ping_status":"closed","template":"","meta":[],"product_cat":[144,134],"product_tag":[],"_links":{"self":[{"href":"https:\/\/www.livrariarema.com.br\/loja\/wp-json\/wp\/v2\/product\/341277"}],"collection":[{"href":"https:\/\/www.livrariarema.com.br\/loja\/wp-json\/wp\/v2\/product"}],"about":[{"href":"https:\/\/www.livrariarema.com.br\/loja\/wp-json\/wp\/v2\/types\/product"}],"replies":[{"embeddable":true,"href":"https:\/\/www.livrariarema.com.br\/loja\/wp-json\/wp\/v2\/comments?post=341277"}],"wp:featuredmedia":[{"embeddable":true,"href":"https:\/\/www.livrariarema.com.br\/loja\/wp-json\/wp\/v2\/media\/341276"}],"wp:attachment":[{"href":"https:\/\/www.livrariarema.com.br\/loja\/wp-json\/wp\/v2\/media?parent=341277"}],"wp:term":[{"taxonomy":"product_cat","embeddable":true,"href":"https:\/\/www.livrariarema.com.br\/loja\/wp-json\/wp\/v2\/product_cat?post=341277"},{"taxonomy":"product_tag","embeddable":true,"href":"https:\/\/www.livrariarema.com.br\/loja\/wp-json\/wp\/v2\/product_tag?post=341277"}],"curies":[{"name":"wp","href":"https:\/\/api.w.org\/{rel}","templated":true}]}}