{"id":341286,"date":"2025-11-24T12:24:38","date_gmt":"2025-11-24T15:24:38","guid":{"rendered":"https:\/\/www.livrariarema.com.br\/loja\/produtos\/sem categoria\/monkakitos-quero-quero-recieli-gorski\/"},"modified":"2026-02-07T11:23:17","modified_gmt":"2026-02-07T14:23:17","slug":"monkakitos-quero-quero-recieli-gorski","status":"publish","type":"product","link":"https:\/\/www.livrariarema.com.br\/loja\/produtos\/livros\/infantil\/monkakitos-quero-quero-recieli-gorski\/","title":{"rendered":"Monkakitos &#8211; Quero-Quero &#8211; Recieli Gorski"},"content":{"rendered":"<p>No cora\u00e7\u00e3o da floresta, Quero-Quero v\u00ea uma banana e decide que precisa dela agora! Mas ser\u00e1 que querer \u00e9 o suficiente? Com a ajuda dos Monkakitos, ele aprender\u00e1 que tudo tem seu tempo. Uma hist\u00f3ria divertida e cheia de li\u00e7\u00f5es sobre espera, respeito educa\u00e7\u00e3o.<\/p>\n","protected":false},"excerpt":{"rendered":"<p>No cora\u00e7\u00e3o da floresta, Quero-Quero v\u00ea uma banana e decide que precisa dela agora! Mas ser\u00e1 que querer \u00e9 o&hellip;<\/p>\n","protected":false},"featured_media":341285,"comment_status":"open","ping_status":"closed","template":"","meta":[],"product_cat":[144,134],"product_tag":[],"_links":{"self":[{"href":"https:\/\/www.livrariarema.com.br\/loja\/wp-json\/wp\/v2\/product\/341286"}],"collection":[{"href":"https:\/\/www.livrariarema.com.br\/loja\/wp-json\/wp\/v2\/product"}],"about":[{"href":"https:\/\/www.livrariarema.com.br\/loja\/wp-json\/wp\/v2\/types\/product"}],"replies":[{"embeddable":true,"href":"https:\/\/www.livrariarema.com.br\/loja\/wp-json\/wp\/v2\/comments?post=341286"}],"wp:featuredmedia":[{"embeddable":true,"href":"https:\/\/www.livrariarema.com.br\/loja\/wp-json\/wp\/v2\/media\/341285"}],"wp:attachment":[{"href":"https:\/\/www.livrariarema.com.br\/loja\/wp-json\/wp\/v2\/media?parent=341286"}],"wp:term":[{"taxonomy":"product_cat","embeddable":true,"href":"https:\/\/www.livrariarema.com.br\/loja\/wp-json\/wp\/v2\/product_cat?post=341286"},{"taxonomy":"product_tag","embeddable":true,"href":"https:\/\/www.livrariarema.com.br\/loja\/wp-json\/wp\/v2\/product_tag?post=341286"}],"curies":[{"name":"wp","href":"https:\/\/api.w.org\/{rel}","templated":true}]}}