{"id":341288,"date":"2025-11-24T12:24:43","date_gmt":"2025-11-24T15:24:43","guid":{"rendered":"https:\/\/www.livrariarema.com.br\/loja\/produtos\/sem categoria\/monkakitos-raeko-e-a-pipa-recieli-gorski\/"},"modified":"2026-04-01T11:12:29","modified_gmt":"2026-04-01T14:12:29","slug":"monkakitos-raeko-e-a-pipa-recieli-gorski","status":"publish","type":"product","link":"https:\/\/www.livrariarema.com.br\/loja\/produtos\/livros\/infantil\/monkakitos-raeko-e-a-pipa-recieli-gorski\/","title":{"rendered":"Monkakitos &#8211; Raeko E A Pipa &#8211; Recieli Gorski"},"content":{"rendered":"<p>Raeko perde sua pipa favorita e aprende, com f\u00e9 e amizade, a transformar a tristeza em alegria. Uma hist\u00f3ria sens\u00edvel sobre empatia, supera\u00e7\u00e3o e a for\u00e7a da ora\u00e7\u00e3o infantil.<\/p>\n","protected":false},"excerpt":{"rendered":"<p>Raeko perde sua pipa favorita e aprende, com f\u00e9 e amizade, a transformar a tristeza em alegria. Uma hist\u00f3ria sens\u00edvel&hellip;<\/p>\n","protected":false},"featured_media":341287,"comment_status":"open","ping_status":"closed","template":"","meta":[],"product_cat":[144,134],"product_tag":[],"_links":{"self":[{"href":"https:\/\/www.livrariarema.com.br\/loja\/wp-json\/wp\/v2\/product\/341288"}],"collection":[{"href":"https:\/\/www.livrariarema.com.br\/loja\/wp-json\/wp\/v2\/product"}],"about":[{"href":"https:\/\/www.livrariarema.com.br\/loja\/wp-json\/wp\/v2\/types\/product"}],"replies":[{"embeddable":true,"href":"https:\/\/www.livrariarema.com.br\/loja\/wp-json\/wp\/v2\/comments?post=341288"}],"wp:featuredmedia":[{"embeddable":true,"href":"https:\/\/www.livrariarema.com.br\/loja\/wp-json\/wp\/v2\/media\/341287"}],"wp:attachment":[{"href":"https:\/\/www.livrariarema.com.br\/loja\/wp-json\/wp\/v2\/media?parent=341288"}],"wp:term":[{"taxonomy":"product_cat","embeddable":true,"href":"https:\/\/www.livrariarema.com.br\/loja\/wp-json\/wp\/v2\/product_cat?post=341288"},{"taxonomy":"product_tag","embeddable":true,"href":"https:\/\/www.livrariarema.com.br\/loja\/wp-json\/wp\/v2\/product_tag?post=341288"}],"curies":[{"name":"wp","href":"https:\/\/api.w.org\/{rel}","templated":true}]}}