{"id":341299,"date":"2025-11-24T12:26:17","date_gmt":"2025-11-24T15:26:17","guid":{"rendered":"https:\/\/www.livrariarema.com.br\/loja\/produtos\/sem categoria\/365-labirintos-diversos-niveis\/"},"modified":"2026-01-16T11:50:47","modified_gmt":"2026-01-16T14:50:47","slug":"365-labirintos-diversos-niveis","status":"publish","type":"product","link":"https:\/\/www.livrariarema.com.br\/loja\/produtos\/livros\/cruzadas-caca-palavras-jogos\/365-labirintos-diversos-niveis\/","title":{"rendered":"365 Labirintos &#8211; Diversos N\u00edveis"},"content":{"rendered":"<p>Aprimore seu raciocinio l\u00f3gico enquanto se diverte com os 365 labirintos de diferentes n\u00edveis para voc\u00ea se desafiar!<\/p>\n","protected":false},"excerpt":{"rendered":"<p>Aprimore seu raciocinio l\u00f3gico enquanto se diverte com os 365 labirintos de diferentes n\u00edveis para voc\u00ea se desafiar!<\/p>\n","protected":false},"featured_media":341298,"comment_status":"open","ping_status":"closed","template":"","meta":[],"product_cat":[338,134],"product_tag":[],"_links":{"self":[{"href":"https:\/\/www.livrariarema.com.br\/loja\/wp-json\/wp\/v2\/product\/341299"}],"collection":[{"href":"https:\/\/www.livrariarema.com.br\/loja\/wp-json\/wp\/v2\/product"}],"about":[{"href":"https:\/\/www.livrariarema.com.br\/loja\/wp-json\/wp\/v2\/types\/product"}],"replies":[{"embeddable":true,"href":"https:\/\/www.livrariarema.com.br\/loja\/wp-json\/wp\/v2\/comments?post=341299"}],"wp:featuredmedia":[{"embeddable":true,"href":"https:\/\/www.livrariarema.com.br\/loja\/wp-json\/wp\/v2\/media\/341298"}],"wp:attachment":[{"href":"https:\/\/www.livrariarema.com.br\/loja\/wp-json\/wp\/v2\/media?parent=341299"}],"wp:term":[{"taxonomy":"product_cat","embeddable":true,"href":"https:\/\/www.livrariarema.com.br\/loja\/wp-json\/wp\/v2\/product_cat?post=341299"},{"taxonomy":"product_tag","embeddable":true,"href":"https:\/\/www.livrariarema.com.br\/loja\/wp-json\/wp\/v2\/product_tag?post=341299"}],"curies":[{"name":"wp","href":"https:\/\/api.w.org\/{rel}","templated":true}]}}