{"id":341309,"date":"2025-11-24T12:27:24","date_gmt":"2025-11-24T15:27:24","guid":{"rendered":"https:\/\/www.livrariarema.com.br\/loja\/produtos\/sem categoria\/biblia-em-quadrinhos\/"},"modified":"2026-04-02T11:10:45","modified_gmt":"2026-04-02T14:10:45","slug":"biblia-em-quadrinhos","status":"publish","type":"product","link":"https:\/\/www.livrariarema.com.br\/loja\/produtos\/livros\/manga-hq\/biblia-em-quadrinhos\/","title":{"rendered":"B\u00edblia Em Quadrinhos"},"content":{"rendered":"<p>A B\u00edblia em quadrinhos traz hist\u00f3rias do Antigo e do Novo Testamento de um jeito diferente. S\u00e3o textos e ilustra\u00e7\u00f5es ricos em detalhes, que despertam o interesse dos jovens pela Palavra de Deus.<\/p>\n","protected":false},"excerpt":{"rendered":"<p>A B\u00edblia em quadrinhos traz hist\u00f3rias do Antigo e do Novo Testamento de um jeito diferente. S\u00e3o textos e ilustra\u00e7\u00f5es&hellip;<\/p>\n","protected":false},"featured_media":346628,"comment_status":"open","ping_status":"closed","template":"","meta":[],"product_cat":[134,189],"product_tag":[],"_links":{"self":[{"href":"https:\/\/www.livrariarema.com.br\/loja\/wp-json\/wp\/v2\/product\/341309"}],"collection":[{"href":"https:\/\/www.livrariarema.com.br\/loja\/wp-json\/wp\/v2\/product"}],"about":[{"href":"https:\/\/www.livrariarema.com.br\/loja\/wp-json\/wp\/v2\/types\/product"}],"replies":[{"embeddable":true,"href":"https:\/\/www.livrariarema.com.br\/loja\/wp-json\/wp\/v2\/comments?post=341309"}],"wp:featuredmedia":[{"embeddable":true,"href":"https:\/\/www.livrariarema.com.br\/loja\/wp-json\/wp\/v2\/media\/346628"}],"wp:attachment":[{"href":"https:\/\/www.livrariarema.com.br\/loja\/wp-json\/wp\/v2\/media?parent=341309"}],"wp:term":[{"taxonomy":"product_cat","embeddable":true,"href":"https:\/\/www.livrariarema.com.br\/loja\/wp-json\/wp\/v2\/product_cat?post=341309"},{"taxonomy":"product_tag","embeddable":true,"href":"https:\/\/www.livrariarema.com.br\/loja\/wp-json\/wp\/v2\/product_tag?post=341309"}],"curies":[{"name":"wp","href":"https:\/\/api.w.org\/{rel}","templated":true}]}}