{"id":341322,"date":"2025-11-24T12:28:53","date_gmt":"2025-11-24T15:28:53","guid":{"rendered":"https:\/\/www.livrariarema.com.br\/loja\/produtos\/sem categoria\/phantastes-george-macdonald\/"},"modified":"2026-02-28T11:32:09","modified_gmt":"2026-02-28T14:32:09","slug":"phantastes-george-macdonald","status":"publish","type":"product","link":"https:\/\/www.livrariarema.com.br\/loja\/produtos\/livros\/ficcao\/phantastes-george-macdonald\/","title":{"rendered":"Phantastes &#8211; George Macdonald"},"content":{"rendered":"<p>Em suas aventuras na Terra das Fadas, o jovem Anodos confronta os esp\u00edritos das \u00e1rvores e uma sombra, peregrina pelo pal\u00e1cio da rainha das fadas e procura o Esp\u00edrito da Terra. Uma busca que requer a entrega de si mesmo e revela as batalhas da condi\u00e7\u00e3o humana.Escrita com um anseio caprichoso, mas comovente, a fantasia cl\u00e1ssica de MacDonald influenciou bastante escritores, como C. S. Lewis e J. R. R. Tolkien.<\/p>\n","protected":false},"excerpt":{"rendered":"<p>Em suas aventuras na Terra das Fadas, o jovem Anodos confronta os esp\u00edritos das \u00e1rvores e uma sombra, peregrina pelo&hellip;<\/p>\n","protected":false},"featured_media":341321,"comment_status":"open","ping_status":"closed","template":"","meta":[],"product_cat":[162,134],"product_tag":[],"_links":{"self":[{"href":"https:\/\/www.livrariarema.com.br\/loja\/wp-json\/wp\/v2\/product\/341322"}],"collection":[{"href":"https:\/\/www.livrariarema.com.br\/loja\/wp-json\/wp\/v2\/product"}],"about":[{"href":"https:\/\/www.livrariarema.com.br\/loja\/wp-json\/wp\/v2\/types\/product"}],"replies":[{"embeddable":true,"href":"https:\/\/www.livrariarema.com.br\/loja\/wp-json\/wp\/v2\/comments?post=341322"}],"wp:featuredmedia":[{"embeddable":true,"href":"https:\/\/www.livrariarema.com.br\/loja\/wp-json\/wp\/v2\/media\/341321"}],"wp:attachment":[{"href":"https:\/\/www.livrariarema.com.br\/loja\/wp-json\/wp\/v2\/media?parent=341322"}],"wp:term":[{"taxonomy":"product_cat","embeddable":true,"href":"https:\/\/www.livrariarema.com.br\/loja\/wp-json\/wp\/v2\/product_cat?post=341322"},{"taxonomy":"product_tag","embeddable":true,"href":"https:\/\/www.livrariarema.com.br\/loja\/wp-json\/wp\/v2\/product_tag?post=341322"}],"curies":[{"name":"wp","href":"https:\/\/api.w.org\/{rel}","templated":true}]}}