{"id":341326,"date":"2025-11-24T12:29:31","date_gmt":"2025-11-24T15:29:31","guid":{"rendered":"https:\/\/www.livrariarema.com.br\/loja\/produtos\/sem categoria\/lidere-sua-mente-augusto-cury\/"},"modified":"2026-01-29T13:30:26","modified_gmt":"2026-01-29T16:30:26","slug":"lidere-sua-mente-augusto-cury","status":"publish","type":"product","link":"https:\/\/www.livrariarema.com.br\/loja\/produtos\/livros\/motivacao\/lidere-sua-mente-augusto-cury\/","title":{"rendered":"Lidere Sua Mente &#8211; Augusto Cury"},"content":{"rendered":"<p>Voc\u00ea \u00e9 protagonista da sua hist\u00f3ria ou prefere se render \u00e0 fragilidade? Voc\u00ea ocupa o centro do palco ou prefere ficar na plateia? Os sentimentos negativos t\u00eam destaque principal em sua vida? A partir dessas premissas, o autor desvenda os segredos para que cada um de n\u00f3s seja o l\u00edder de sua pr\u00f3pria mente, nos orienta sobre como ter uma mente saud\u00e1vel e mostra que a verdadeira mudan\u00e7a \u00e9 conquistada dia a dia.<\/p>\n","protected":false},"excerpt":{"rendered":"<p>Voc\u00ea \u00e9 protagonista da sua hist\u00f3ria ou prefere se render \u00e0 fragilidade? Voc\u00ea ocupa o centro do palco ou prefere&hellip;<\/p>\n","protected":false},"featured_media":341325,"comment_status":"open","ping_status":"closed","template":"","meta":[],"product_cat":[134,211],"product_tag":[],"_links":{"self":[{"href":"https:\/\/www.livrariarema.com.br\/loja\/wp-json\/wp\/v2\/product\/341326"}],"collection":[{"href":"https:\/\/www.livrariarema.com.br\/loja\/wp-json\/wp\/v2\/product"}],"about":[{"href":"https:\/\/www.livrariarema.com.br\/loja\/wp-json\/wp\/v2\/types\/product"}],"replies":[{"embeddable":true,"href":"https:\/\/www.livrariarema.com.br\/loja\/wp-json\/wp\/v2\/comments?post=341326"}],"wp:featuredmedia":[{"embeddable":true,"href":"https:\/\/www.livrariarema.com.br\/loja\/wp-json\/wp\/v2\/media\/341325"}],"wp:attachment":[{"href":"https:\/\/www.livrariarema.com.br\/loja\/wp-json\/wp\/v2\/media?parent=341326"}],"wp:term":[{"taxonomy":"product_cat","embeddable":true,"href":"https:\/\/www.livrariarema.com.br\/loja\/wp-json\/wp\/v2\/product_cat?post=341326"},{"taxonomy":"product_tag","embeddable":true,"href":"https:\/\/www.livrariarema.com.br\/loja\/wp-json\/wp\/v2\/product_tag?post=341326"}],"curies":[{"name":"wp","href":"https:\/\/api.w.org\/{rel}","templated":true}]}}