{"id":341349,"date":"2025-11-24T12:32:20","date_gmt":"2025-11-24T15:32:20","guid":{"rendered":"https:\/\/www.livrariarema.com.br\/loja\/produtos\/sem categoria\/boas-novas-para-os-coracoezinhos-marina-e-sempre-a-primeira-quando-irmaos-brigam\/"},"modified":"2026-03-16T13:30:31","modified_gmt":"2026-03-16T16:30:31","slug":"boas-novas-para-os-coracoezinhos-marina-e-sempre-a-primeira-quando-irmaos-brigam","status":"publish","type":"product","link":"https:\/\/www.livrariarema.com.br\/loja\/produtos\/livros\/infantil\/boas-novas-para-os-coracoezinhos-marina-e-sempre-a-primeira-quando-irmaos-brigam\/","title":{"rendered":"Boas Novas Para Os Cora\u00e7\u00f5ezinhos &#8211; Marina \u00c9 Sempre A Primeira &#8211; Quando Irm\u00e3os Brigam"},"content":{"rendered":"<p>A pata Marina \u00e9 apenas alguns segundos mais velha que D\u00e9lia e Daniel, e, por isso, ela acha que deve ser a primeira em tudo. Assim, os irm\u00e3os patinhos sempre acabam brigando para terem a sua vez. Sentimentos de m\u00e1goa e raiva crescem at\u00e9 que um dia seus av\u00f3s chegam para uma visita. \u00c9 quando a determina\u00e7\u00e3o de Daniel de ser o primeiro, \u00e0 frente de Marina, quase termina em desastre. Editado pela conselheira Lauren Whitman, Marina \u00e9 sempre a primeira ensinar\u00e1 as crian\u00e7as a demonstrarem amor e paci\u00eancia aos seus irm\u00e3os, mesmo quando eles n\u00e3o agem amorosamente.<\/p>\n","protected":false},"excerpt":{"rendered":"<p>A pata Marina \u00e9 apenas alguns segundos mais velha que D\u00e9lia e Daniel, e, por isso, ela acha que deve&hellip;<\/p>\n","protected":false},"featured_media":346315,"comment_status":"open","ping_status":"closed","template":"","meta":[],"product_cat":[144,134],"product_tag":[],"_links":{"self":[{"href":"https:\/\/www.livrariarema.com.br\/loja\/wp-json\/wp\/v2\/product\/341349"}],"collection":[{"href":"https:\/\/www.livrariarema.com.br\/loja\/wp-json\/wp\/v2\/product"}],"about":[{"href":"https:\/\/www.livrariarema.com.br\/loja\/wp-json\/wp\/v2\/types\/product"}],"replies":[{"embeddable":true,"href":"https:\/\/www.livrariarema.com.br\/loja\/wp-json\/wp\/v2\/comments?post=341349"}],"wp:featuredmedia":[{"embeddable":true,"href":"https:\/\/www.livrariarema.com.br\/loja\/wp-json\/wp\/v2\/media\/346315"}],"wp:attachment":[{"href":"https:\/\/www.livrariarema.com.br\/loja\/wp-json\/wp\/v2\/media?parent=341349"}],"wp:term":[{"taxonomy":"product_cat","embeddable":true,"href":"https:\/\/www.livrariarema.com.br\/loja\/wp-json\/wp\/v2\/product_cat?post=341349"},{"taxonomy":"product_tag","embeddable":true,"href":"https:\/\/www.livrariarema.com.br\/loja\/wp-json\/wp\/v2\/product_tag?post=341349"}],"curies":[{"name":"wp","href":"https:\/\/api.w.org\/{rel}","templated":true}]}}