{"id":341355,"date":"2025-11-24T12:32:50","date_gmt":"2025-11-24T15:32:50","guid":{"rendered":"https:\/\/www.livrariarema.com.br\/loja\/produtos\/sem categoria\/vida-dupla-descendo-aos-poroes-da-intimidade-sexual-andrea-vargas\/"},"modified":"2026-03-16T13:30:57","modified_gmt":"2026-03-16T16:30:57","slug":"vida-dupla-descendo-aos-poroes-da-intimidade-sexual-andrea-vargas","status":"publish","type":"product","link":"https:\/\/www.livrariarema.com.br\/loja\/produtos\/livros\/namoro-sexualidade\/vida-dupla-descendo-aos-poroes-da-intimidade-sexual-andrea-vargas\/","title":{"rendered":"Vida Dupla &#8211; Descendo Aos Por\u00f5es Da Intimidade Sexual &#8211; Andr\u00e9a Vargas"},"content":{"rendered":"<p>Em Vida Dupla, Andr\u00e9a Vargas convida o leitor para uma jornada de reflex\u00e3o nos por\u00f5es da intimidade sexual. O livro vai al\u00e9m da superf\u00edcie dos pecados e confronta a raiz do problema nas \u00e1guas profundas do cora\u00e7\u00e3o: a tentativa sempre frustrada de encontrar sentido na vida fora do Criador. Ao expor com sensibilidade e firmeza as armadilhas de uma vida dividida, Andr\u00e9a conduz o leitor a encarar sua pr\u00f3pria hist\u00f3ria, desnudar a alma diante de Deus e reencontrar o caminho da plenitude, aquilo para o qual foi criado. Esta n\u00e3o \u00e9 uma obra sobre culpa, mas sobre reden\u00e7\u00e3o; n\u00e3o um tratado moralista, mas uma jornada de restaura\u00e7\u00e3o. Para quem se sente entre um barco sem rumo em meio a um mar revolto, esta leitura \u00e9 um chamado \u00e0 confian\u00e7a plena naquele que tem poder para acalmar as \u00e1guas e devolver a paz ao cora\u00e7\u00e3o.<\/p>\n","protected":false},"excerpt":{"rendered":"<p>Em Vida Dupla, Andr\u00e9a Vargas convida o leitor para uma jornada de reflex\u00e3o nos por\u00f5es da intimidade sexual. O livro&hellip;<\/p>\n","protected":false},"featured_media":346318,"comment_status":"open","ping_status":"closed","template":"","meta":[],"product_cat":[134,203],"product_tag":[],"_links":{"self":[{"href":"https:\/\/www.livrariarema.com.br\/loja\/wp-json\/wp\/v2\/product\/341355"}],"collection":[{"href":"https:\/\/www.livrariarema.com.br\/loja\/wp-json\/wp\/v2\/product"}],"about":[{"href":"https:\/\/www.livrariarema.com.br\/loja\/wp-json\/wp\/v2\/types\/product"}],"replies":[{"embeddable":true,"href":"https:\/\/www.livrariarema.com.br\/loja\/wp-json\/wp\/v2\/comments?post=341355"}],"wp:featuredmedia":[{"embeddable":true,"href":"https:\/\/www.livrariarema.com.br\/loja\/wp-json\/wp\/v2\/media\/346318"}],"wp:attachment":[{"href":"https:\/\/www.livrariarema.com.br\/loja\/wp-json\/wp\/v2\/media?parent=341355"}],"wp:term":[{"taxonomy":"product_cat","embeddable":true,"href":"https:\/\/www.livrariarema.com.br\/loja\/wp-json\/wp\/v2\/product_cat?post=341355"},{"taxonomy":"product_tag","embeddable":true,"href":"https:\/\/www.livrariarema.com.br\/loja\/wp-json\/wp\/v2\/product_tag?post=341355"}],"curies":[{"name":"wp","href":"https:\/\/api.w.org\/{rel}","templated":true}]}}