{"id":341359,"date":"2025-11-24T12:33:11","date_gmt":"2025-11-24T15:33:11","guid":{"rendered":"https:\/\/www.livrariarema.com.br\/loja\/produtos\/sem categoria\/discipulado-na-pratica-luciana-sborowski-e-renata-gandolfo\/"},"modified":"2026-03-16T13:31:02","modified_gmt":"2026-03-16T16:31:02","slug":"discipulado-na-pratica-luciana-sborowski-e-renata-gandolfo","status":"publish","type":"product","link":"https:\/\/www.livrariarema.com.br\/loja\/produtos\/livros\/mulher\/discipulado-na-pratica-luciana-sborowski-e-renata-gandolfo\/","title":{"rendered":"Discipulado Na Pr\u00e1tica &#8211; Luciana Sborowski E Renata Gandolfo"},"content":{"rendered":"<p>Toda crist\u00e3 \u00e9 chamada a ser disc\u00edpula de Cristo. Mas ser\u00e1 que toda mulher \u00e9 chamada a discipular? Neste guia pr\u00e1tico, as queridas Renata Gandolfo e Luciana Sborowski desmistificam o discipulado feminino ao compartilhar seus ricos aprendizados de caminhada crist\u00e3 ao lado de outras irm\u00e3s. Com um roteiro detalhado, as autoras conduzem a leitora a uma jornada de fundamenta\u00e7\u00e3o b\u00edblica, planejamento e execu\u00e7\u00e3o do discipulado. Seja encorajada a deixar seus medos e d\u00favidas aos p\u00e9s da cruz, arrega\u00e7ar as mangas e come\u00e7ar seu pr\u00f3ximo discipulado!<\/p>\n","protected":false},"excerpt":{"rendered":"<p>Toda crist\u00e3 \u00e9 chamada a ser disc\u00edpula de Cristo. Mas ser\u00e1 que toda mulher \u00e9 chamada a discipular? Neste guia&hellip;<\/p>\n","protected":false},"featured_media":346319,"comment_status":"open","ping_status":"closed","template":"","meta":[],"product_cat":[134,170],"product_tag":[],"_links":{"self":[{"href":"https:\/\/www.livrariarema.com.br\/loja\/wp-json\/wp\/v2\/product\/341359"}],"collection":[{"href":"https:\/\/www.livrariarema.com.br\/loja\/wp-json\/wp\/v2\/product"}],"about":[{"href":"https:\/\/www.livrariarema.com.br\/loja\/wp-json\/wp\/v2\/types\/product"}],"replies":[{"embeddable":true,"href":"https:\/\/www.livrariarema.com.br\/loja\/wp-json\/wp\/v2\/comments?post=341359"}],"wp:featuredmedia":[{"embeddable":true,"href":"https:\/\/www.livrariarema.com.br\/loja\/wp-json\/wp\/v2\/media\/346319"}],"wp:attachment":[{"href":"https:\/\/www.livrariarema.com.br\/loja\/wp-json\/wp\/v2\/media?parent=341359"}],"wp:term":[{"taxonomy":"product_cat","embeddable":true,"href":"https:\/\/www.livrariarema.com.br\/loja\/wp-json\/wp\/v2\/product_cat?post=341359"},{"taxonomy":"product_tag","embeddable":true,"href":"https:\/\/www.livrariarema.com.br\/loja\/wp-json\/wp\/v2\/product_tag?post=341359"}],"curies":[{"name":"wp","href":"https:\/\/api.w.org\/{rel}","templated":true}]}}