{"id":341361,"date":"2025-11-24T12:33:18","date_gmt":"2025-11-24T15:33:18","guid":{"rendered":"https:\/\/www.livrariarema.com.br\/loja\/produtos\/sem categoria\/pensem-nessas-coisas-meditacoes-inspiradas-em-filipenses-4-8-nana-castillo\/"},"modified":"2026-03-27T14:50:41","modified_gmt":"2026-03-27T17:50:41","slug":"pensem-nessas-coisas-meditacoes-inspiradas-em-filipenses-4-8-nana-castillo","status":"publish","type":"product","link":"https:\/\/www.livrariarema.com.br\/loja\/produtos\/livros\/devocional\/pensem-nessas-coisas-meditacoes-inspiradas-em-filipenses-4-8-nana-castillo\/","title":{"rendered":"Pensem Nessas Coisas: Medita\u00e7\u00f5es Inspiradas Em Filipenses 4.8 &#8211; Nan\u00e1 Castillo"},"content":{"rendered":"<p>Em meio \u00e0 correria da vida comum, muitas vezes deixamos de enxergar o dia a dia com uma perspectiva eterna. Ignoramos o poder transformador do evangelho nas pequenas a\u00e7\u00f5es cotidianas quando nos afastamos da exorta\u00e7\u00e3o de Paulo em Filipenses 4.8 &#8211; que nos incentiva a encher nossa mente com tudo o que \u00e9 verdadeiro, respeit\u00e1vel, justo, puro, am\u00e1vel, de boa fama, virtuoso e digno de louvor. Mas e se a sua mente fosse intencionalmente moldada pela verdade da Palavra de Deus &#8211; todos os dias?<\/p>\n<p>Com gra\u00e7a e exemplos bem-humorados, a querida Nan\u00e1 far\u00e1 justamente isso ao caminhar com voc\u00ea por sessenta ricas medita\u00e7\u00f5es rumo a uma jornada de santifica\u00e7\u00e3o e renova\u00e7\u00e3o da mente. Ela vai apont\u00e1-la para o poder transformador da Palavra de Deus, que a capacitar\u00e1 a viver cada dia com prop\u00f3sito eterno. Vamos, juntas, pensar nessas coisas excelentes!<\/p>\n","protected":false},"excerpt":{"rendered":"<p>Em meio \u00e0 correria da vida comum, muitas vezes deixamos de enxergar o dia a dia com uma perspectiva eterna.&hellip;<\/p>\n","protected":false},"featured_media":346320,"comment_status":"open","ping_status":"closed","template":"","meta":[],"product_cat":[158,134],"product_tag":[],"_links":{"self":[{"href":"https:\/\/www.livrariarema.com.br\/loja\/wp-json\/wp\/v2\/product\/341361"}],"collection":[{"href":"https:\/\/www.livrariarema.com.br\/loja\/wp-json\/wp\/v2\/product"}],"about":[{"href":"https:\/\/www.livrariarema.com.br\/loja\/wp-json\/wp\/v2\/types\/product"}],"replies":[{"embeddable":true,"href":"https:\/\/www.livrariarema.com.br\/loja\/wp-json\/wp\/v2\/comments?post=341361"}],"wp:featuredmedia":[{"embeddable":true,"href":"https:\/\/www.livrariarema.com.br\/loja\/wp-json\/wp\/v2\/media\/346320"}],"wp:attachment":[{"href":"https:\/\/www.livrariarema.com.br\/loja\/wp-json\/wp\/v2\/media?parent=341361"}],"wp:term":[{"taxonomy":"product_cat","embeddable":true,"href":"https:\/\/www.livrariarema.com.br\/loja\/wp-json\/wp\/v2\/product_cat?post=341361"},{"taxonomy":"product_tag","embeddable":true,"href":"https:\/\/www.livrariarema.com.br\/loja\/wp-json\/wp\/v2\/product_tag?post=341361"}],"curies":[{"name":"wp","href":"https:\/\/api.w.org\/{rel}","templated":true}]}}