{"id":341374,"date":"2025-11-24T12:34:18","date_gmt":"2025-11-24T15:34:18","guid":{"rendered":"https:\/\/www.livrariarema.com.br\/loja\/produtos\/sem%20categoria\/olive-dinah-m-craik\/"},"modified":"2026-04-22T15:30:22","modified_gmt":"2026-04-22T18:30:22","slug":"olive-dinah-m-craik","status":"publish","type":"product","link":"https:\/\/www.livrariarema.com.br\/loja\/produtos\/livros\/ficcao\/olive-dinah-m-craik\/","title":{"rendered":"Olive &#8211; Dinah M. Craik"},"content":{"rendered":"<p>ELA NASCEU MARCADA, MAS SE RECUSOU A SER INVIS\u00cdVEL. Romance pioneiro sobre identidade, beleza, rejei\u00e7\u00e3o e supera\u00e7\u00e3o, &#8220;Olive&#8221; apresenta uma hero\u00edna diferente de tudo o que a literatura vitoriana havia mostrado at\u00e9 ent\u00e3o. Com delicadeza e coragem, Dinah Craik retrata os desafios de uma jovem mulher com defici\u00eancia, em um mundo que insiste em julg\u00e1-la apenas por sua apar\u00eancia. Uma hist\u00f3ria tocante, cheia de for\u00e7a e humanidade, fundamentada na \u00e9tica crist\u00e3 (caridade, perd\u00e3o e resigna\u00e7\u00e3o) e que antecipa temas ainda urgentes, como inclus\u00e3o, autoestima e o direito de amar e ser amada. Uma joia esquecida da literatura cl\u00e1ssica, mais atual do que nunca.<\/p>\n","protected":false},"excerpt":{"rendered":"<p>ELA NASCEU MARCADA, MAS SE RECUSOU A SER INVIS\u00cdVEL. Romance pioneiro sobre identidade, beleza, rejei\u00e7\u00e3o e supera\u00e7\u00e3o, &#8220;Olive&#8221; apresenta uma&hellip;<\/p>\n","protected":false},"featured_media":346681,"comment_status":"open","ping_status":"closed","template":"","meta":[],"product_cat":[162,134],"product_tag":[],"_links":{"self":[{"href":"https:\/\/www.livrariarema.com.br\/loja\/wp-json\/wp\/v2\/product\/341374"}],"collection":[{"href":"https:\/\/www.livrariarema.com.br\/loja\/wp-json\/wp\/v2\/product"}],"about":[{"href":"https:\/\/www.livrariarema.com.br\/loja\/wp-json\/wp\/v2\/types\/product"}],"replies":[{"embeddable":true,"href":"https:\/\/www.livrariarema.com.br\/loja\/wp-json\/wp\/v2\/comments?post=341374"}],"wp:featuredmedia":[{"embeddable":true,"href":"https:\/\/www.livrariarema.com.br\/loja\/wp-json\/wp\/v2\/media\/346681"}],"wp:attachment":[{"href":"https:\/\/www.livrariarema.com.br\/loja\/wp-json\/wp\/v2\/media?parent=341374"}],"wp:term":[{"taxonomy":"product_cat","embeddable":true,"href":"https:\/\/www.livrariarema.com.br\/loja\/wp-json\/wp\/v2\/product_cat?post=341374"},{"taxonomy":"product_tag","embeddable":true,"href":"https:\/\/www.livrariarema.com.br\/loja\/wp-json\/wp\/v2\/product_tag?post=341374"}],"curies":[{"name":"wp","href":"https:\/\/api.w.org\/{rel}","templated":true}]}}