{"id":341397,"date":"2025-11-24T12:37:11","date_gmt":"2025-11-24T15:37:11","guid":{"rendered":"https:\/\/www.livrariarema.com.br\/loja\/produtos\/sem categoria\/poliana-moca-eleanor-h-porter\/"},"modified":"2026-01-28T15:48:34","modified_gmt":"2026-01-28T18:48:34","slug":"poliana-moca-eleanor-h-porter","status":"publish","type":"product","link":"https:\/\/www.livrariarema.com.br\/loja\/produtos\/livros\/juvenil\/poliana-moca-eleanor-h-porter\/","title":{"rendered":"Poliana Mo\u00e7a &#8211; Eleanor H. Porter"},"content":{"rendered":"<p>O acidente sofrido por Poliana n\u00e3o foi capaz de tirar sua imensa alegria. Agora, adolescente, ela passa algum tempo na casa de Ruth Carew, uma senhora muito triste. Ao mesmo tempo, Poliana experimenta todos os conflitos, inquieta\u00e7\u00f5es, emo\u00e7\u00f5es e d\u00favidas que essa nova fase da vida traz, ensinando a todos ao redor como \u00e9 poss\u00edvel superar qualquer obst\u00e1culo com otimismo e vontade de viver.<\/p>\n","protected":false},"excerpt":{"rendered":"<p>O acidente sofrido por Poliana n\u00e3o foi capaz de tirar sua imensa alegria. Agora, adolescente, ela passa algum tempo na&hellip;<\/p>\n","protected":false},"featured_media":0,"comment_status":"open","ping_status":"closed","template":"","meta":[],"product_cat":[184,134],"product_tag":[],"_links":{"self":[{"href":"https:\/\/www.livrariarema.com.br\/loja\/wp-json\/wp\/v2\/product\/341397"}],"collection":[{"href":"https:\/\/www.livrariarema.com.br\/loja\/wp-json\/wp\/v2\/product"}],"about":[{"href":"https:\/\/www.livrariarema.com.br\/loja\/wp-json\/wp\/v2\/types\/product"}],"replies":[{"embeddable":true,"href":"https:\/\/www.livrariarema.com.br\/loja\/wp-json\/wp\/v2\/comments?post=341397"}],"wp:attachment":[{"href":"https:\/\/www.livrariarema.com.br\/loja\/wp-json\/wp\/v2\/media?parent=341397"}],"wp:term":[{"taxonomy":"product_cat","embeddable":true,"href":"https:\/\/www.livrariarema.com.br\/loja\/wp-json\/wp\/v2\/product_cat?post=341397"},{"taxonomy":"product_tag","embeddable":true,"href":"https:\/\/www.livrariarema.com.br\/loja\/wp-json\/wp\/v2\/product_tag?post=341397"}],"curies":[{"name":"wp","href":"https:\/\/api.w.org\/{rel}","templated":true}]}}