{"id":341547,"date":"2025-11-27T11:05:22","date_gmt":"2025-11-27T14:05:22","guid":{"rendered":"https:\/\/www.livrariarema.com.br\/loja\/produtos\/sem categoria\/cura-para-os-traumas-emocionais-david-a-seamands-2\/"},"modified":"2026-02-18T13:37:34","modified_gmt":"2026-02-18T16:37:34","slug":"cura-para-os-traumas-emocionais-david-a-seamands-2","status":"publish","type":"product","link":"https:\/\/www.livrariarema.com.br\/loja\/produtos\/livros\/cura-libertacao\/cura-para-os-traumas-emocionais-david-a-seamands-2\/","title":{"rendered":"Cura Para Os Traumas Emocionais &#8211; David A. Seamands"},"content":{"rendered":"<p>Deus deseja quebrar as correntes que prendem voc\u00ea a um passado de experi\u00eancias dolorosas e liber\u00e1-lo, curando seus traumas e restaurando-lhe o perfeito equil\u00edbrio emocional.<\/p>\n<p>De maneira admir\u00e1vel, o autor entrela\u00e7a o ensino b\u00edblico com a psicologia crist\u00e3 e o bom senso, ao escrever sobre a ira, culpa, depress\u00e3o, inferioridade e mania de perfeccionismo. Ao abordar esses temas, ele enfoca de modo pr\u00e1tico e direto a quest\u00e3o da dor que perdura, mostrando como voc\u00ea pode alcan\u00e7ar uma liberta\u00e7\u00e3o permanente.<\/p>\n<p>Cura Para os Traumas Emocionais \u00e9 leitura indispens\u00e1vel para todos que desejam se ver lvires da inquietude interior constante e dos traumas emocionais do passado.<\/p>\n","protected":false},"excerpt":{"rendered":"<p>Deus deseja quebrar as correntes que prendem voc\u00ea a um passado de experi\u00eancias dolorosas e liber\u00e1-lo, curando seus traumas e&hellip;<\/p>\n","protected":false},"featured_media":341546,"comment_status":"open","ping_status":"closed","template":"","meta":[],"product_cat":[157,134],"product_tag":[],"_links":{"self":[{"href":"https:\/\/www.livrariarema.com.br\/loja\/wp-json\/wp\/v2\/product\/341547"}],"collection":[{"href":"https:\/\/www.livrariarema.com.br\/loja\/wp-json\/wp\/v2\/product"}],"about":[{"href":"https:\/\/www.livrariarema.com.br\/loja\/wp-json\/wp\/v2\/types\/product"}],"replies":[{"embeddable":true,"href":"https:\/\/www.livrariarema.com.br\/loja\/wp-json\/wp\/v2\/comments?post=341547"}],"wp:featuredmedia":[{"embeddable":true,"href":"https:\/\/www.livrariarema.com.br\/loja\/wp-json\/wp\/v2\/media\/341546"}],"wp:attachment":[{"href":"https:\/\/www.livrariarema.com.br\/loja\/wp-json\/wp\/v2\/media?parent=341547"}],"wp:term":[{"taxonomy":"product_cat","embeddable":true,"href":"https:\/\/www.livrariarema.com.br\/loja\/wp-json\/wp\/v2\/product_cat?post=341547"},{"taxonomy":"product_tag","embeddable":true,"href":"https:\/\/www.livrariarema.com.br\/loja\/wp-json\/wp\/v2\/product_tag?post=341547"}],"curies":[{"name":"wp","href":"https:\/\/api.w.org\/{rel}","templated":true}]}}