{"id":341553,"date":"2025-11-27T11:06:06","date_gmt":"2025-11-27T14:06:06","guid":{"rendered":"https:\/\/www.livrariarema.com.br\/loja\/produtos\/sem%20categoria\/fe-transbordante-uma-biografia-de-lettie-cowman-autora-de-mananciais-no-deserto-michelle-ule\/"},"modified":"2026-04-29T14:30:22","modified_gmt":"2026-04-29T17:30:22","slug":"fe-transbordante-uma-biografia-de-lettie-cowman-autora-de-mananciais-no-deserto-michelle-ule","status":"publish","type":"product","link":"https:\/\/www.livrariarema.com.br\/loja\/produtos\/livros\/biografia\/fe-transbordante-uma-biografia-de-lettie-cowman-autora-de-mananciais-no-deserto-michelle-ule\/","title":{"rendered":"F\u00e9 Transbordante &#8211; Uma Biografia De Lettie Cowman Autora De Mananciais No Deserto &#8211; Michelle Ule"},"content":{"rendered":"<p>A maioria das pessoas familiarizadas com o devocional Mananciais no Deserto de 1924 sabe um pouco sobre a autora Lettie Cowman. F\u00e9 Transbordante descreveu como a dor pessoal e a necessidade de preencher a pr\u00f3pria alma sedentada levou Lettie a escrever esse devocional.<\/p>\n<p>100 Anos depois, ainda em circula\u00e7\u00e3o, com milh\u00f5es de c\u00f3pias vendidas, &#8220;Mananciais no Deserto&#8221; continua a falar a cora\u00e7\u00f5es cansados, especialmente \u00e0queles que lidam com luto e desespero em um mundo enlouquecido.<\/p>\n<p>A bi\u00f3grafa Michelle Ule descreve como uma garota de Iowa cresceu e impulsionou a \u00faltima cruzada do evangelho pela Europa Oriental antes da Segunda Guerra Mundial. Usando Mananciais no Deserto como uma abertura, Lettie Cowman trabalhou incansavelmente para compartilhar o evangelho antes que a Cortina de Ferro isolasse os crentes do mundo ocidental por 50 anos. Esta hist\u00f3ria do desejo sincero de uma mulher not\u00e1vel de compartilhar o evangelho oferece insights e encorajamento para os crist\u00e3os modernos que enfrentam uma sociedade hostil e descrente.<\/p>\n","protected":false},"excerpt":{"rendered":"<p>A maioria das pessoas familiarizadas com o devocional Mananciais no Deserto de 1924 sabe um pouco sobre a autora Lettie&hellip;<\/p>\n","protected":false},"featured_media":347449,"comment_status":"open","ping_status":"closed","template":"","meta":[],"product_cat":[181,134],"product_tag":[],"_links":{"self":[{"href":"https:\/\/www.livrariarema.com.br\/loja\/wp-json\/wp\/v2\/product\/341553"}],"collection":[{"href":"https:\/\/www.livrariarema.com.br\/loja\/wp-json\/wp\/v2\/product"}],"about":[{"href":"https:\/\/www.livrariarema.com.br\/loja\/wp-json\/wp\/v2\/types\/product"}],"replies":[{"embeddable":true,"href":"https:\/\/www.livrariarema.com.br\/loja\/wp-json\/wp\/v2\/comments?post=341553"}],"wp:featuredmedia":[{"embeddable":true,"href":"https:\/\/www.livrariarema.com.br\/loja\/wp-json\/wp\/v2\/media\/347449"}],"wp:attachment":[{"href":"https:\/\/www.livrariarema.com.br\/loja\/wp-json\/wp\/v2\/media?parent=341553"}],"wp:term":[{"taxonomy":"product_cat","embeddable":true,"href":"https:\/\/www.livrariarema.com.br\/loja\/wp-json\/wp\/v2\/product_cat?post=341553"},{"taxonomy":"product_tag","embeddable":true,"href":"https:\/\/www.livrariarema.com.br\/loja\/wp-json\/wp\/v2\/product_tag?post=341553"}],"curies":[{"name":"wp","href":"https:\/\/api.w.org\/{rel}","templated":true}]}}