{"id":341559,"date":"2025-11-27T11:06:57","date_gmt":"2025-11-27T14:06:57","guid":{"rendered":"https:\/\/www.livrariarema.com.br\/loja\/produtos\/sem%20categoria\/e-possivel-comunicar-se-com-os-mortos-hernandes-dias-lopes\/"},"modified":"2026-03-05T15:13:48","modified_gmt":"2026-03-05T18:13:48","slug":"e-possivel-comunicar-se-com-os-mortos-hernandes-dias-lopes","status":"publish","type":"product","link":"https:\/\/www.livrariarema.com.br\/loja\/produtos\/livros\/doutrinas-biblicas\/e-possivel-comunicar-se-com-os-mortos-hernandes-dias-lopes\/","title":{"rendered":"\u00c9 Poss\u00edvel Comunicar-Se Com Os Mortos? &#8211; Hernandes Dias Lopes"},"content":{"rendered":"<p>Muitas pessoas t\u00eam buscado nessa pr\u00e1tica respostas aos seus mais profundos anseios. Desejam conhecer o futuro. Buscam, atrav\u00e9s do contato com o desconhecido, um meio para entender o porqu\u00ea de tanto sofrimento e dor nesta vida. Procuram saber como est\u00e3o seus entes queridos que j\u00e1 morreram. Querem ter certeza de seu pr\u00f3prio futuro ap\u00f3s a morte.<\/p>\n<p>Essa forte atra\u00e7\u00e3o pelo oculto n\u00e3o \u00e9 novidade na hist\u00f3ria humana. Desde os tempos remotos, das tribos bem primitivas \u00e0s mais avan\u00e7adas civiliza\u00e7\u00f5es, sempre houve essa busca pelo contato com os mortos.<\/p>\n<p>Mas existe mesmo essa possibilidade? As pessoas que alegam ser &#8220;canais&#8221; para a comunica\u00e7\u00e3o com quem j\u00e1 morreu agem com sinceridade? Ou tudo n\u00e3o passa de uma &#8220;arma\u00e7\u00e3o&#8221; para enganar os incautos? Os mortos podem, de alguma forma, trazer algum tipo de orienta\u00e7\u00e3o, consolo e esperan\u00e7a aos vivos? Ou tudo n\u00e3o passa da atua\u00e7\u00e3o de &#8220;esp\u00edritos enganadores&#8221;? Existe algum perigo para quem se envolve com a necromancia?<\/p>\n<p>Hernandes Dias Lopes aborda essas e muitas outras quest\u00f5es, apresentando ao leitor respostas esclarecedoras. Baseando-se na hist\u00f3ria do Rei Saul, que em um momento crucial de sua vida procurou orienta\u00e7\u00e3o de uma necromante, o autor extrai li\u00e7\u00f5es importantes para quem deseja conhecer o pensamento de Deus a respeito desse assunto.<\/p>\n","protected":false},"excerpt":{"rendered":"<p>Muitas pessoas t\u00eam buscado nessa pr\u00e1tica respostas aos seus mais profundos anseios. Desejam conhecer o futuro. Buscam, atrav\u00e9s do contato&hellip;<\/p>\n","protected":false},"featured_media":345861,"comment_status":"open","ping_status":"closed","template":"","meta":[],"product_cat":[145,134],"product_tag":[],"_links":{"self":[{"href":"https:\/\/www.livrariarema.com.br\/loja\/wp-json\/wp\/v2\/product\/341559"}],"collection":[{"href":"https:\/\/www.livrariarema.com.br\/loja\/wp-json\/wp\/v2\/product"}],"about":[{"href":"https:\/\/www.livrariarema.com.br\/loja\/wp-json\/wp\/v2\/types\/product"}],"replies":[{"embeddable":true,"href":"https:\/\/www.livrariarema.com.br\/loja\/wp-json\/wp\/v2\/comments?post=341559"}],"wp:featuredmedia":[{"embeddable":true,"href":"https:\/\/www.livrariarema.com.br\/loja\/wp-json\/wp\/v2\/media\/345861"}],"wp:attachment":[{"href":"https:\/\/www.livrariarema.com.br\/loja\/wp-json\/wp\/v2\/media?parent=341559"}],"wp:term":[{"taxonomy":"product_cat","embeddable":true,"href":"https:\/\/www.livrariarema.com.br\/loja\/wp-json\/wp\/v2\/product_cat?post=341559"},{"taxonomy":"product_tag","embeddable":true,"href":"https:\/\/www.livrariarema.com.br\/loja\/wp-json\/wp\/v2\/product_tag?post=341559"}],"curies":[{"name":"wp","href":"https:\/\/api.w.org\/{rel}","templated":true}]}}