{"id":341561,"date":"2025-11-27T11:07:11","date_gmt":"2025-11-27T14:07:11","guid":{"rendered":"https:\/\/www.livrariarema.com.br\/loja\/produtos\/sem categoria\/cruz-e-o-punhal-a-david-wilkerson-2\/"},"modified":"2026-03-26T15:20:32","modified_gmt":"2026-03-26T18:20:32","slug":"cruz-e-o-punhal-a-david-wilkerson-2","status":"publish","type":"product","link":"https:\/\/www.livrariarema.com.br\/loja\/produtos\/livros\/biografia\/cruz-e-o-punhal-a-david-wilkerson-2\/","title":{"rendered":"Cruz E O Punhal, A &#8211; David Wilkerson"},"content":{"rendered":"<p>Lutas de gangues, viciados em drogas, jovens vivendo nas ruas, prostitui\u00e7\u00e3o, deprava\u00e7\u00e3o, crime e morte. Esse era o quadro sombrio do submundo de Nova Iorque. Na periferia, nos guetos, espalhavam-se o medo, a viol\u00eancia, o abandono, a pobreza&#8230;<\/p>\n<p>At\u00e9 que algu\u00e9m se dispusesse a mudar essa realidade. Mas, quem teria coragem de enfrentar uma selva de asfalto, um lugar sem leis onde s\u00f3 os mais fortes sobrevivem?<\/p>\n<p>Anos atr\u00e1s, David Wilkerson teve essa disposi\u00e7\u00e3o. Orientado por Deus, deixou sua cidade no interior e foi para Nova Iorque com o objetivo de levar uma esperan\u00e7a aos jovens marginalizados daquela metr\u00f3pole. Movido pelo amor a Deus e ao seu semelhante, ele enfrentou todo tipo de goza\u00e7\u00e3o e humilha\u00e7\u00e3o, temores, d\u00favidas, persegui\u00e7\u00e3o. Mas n\u00e3o se deu por vencido. Contra todas as circunst\u00e2ncias, pregava o evangelho nas ruas, at\u00e9 que um dia o milagre aconteceu. L\u00edderes de quadrilhas come\u00e7aram a se converter. Rapazes deixavam uma vida de crimes e viol\u00eancia para tamb\u00e9m se tornarem pregadores da Palavra de Deus junto a seus companheiros. Come\u00e7ou a\u00ed o movimento &#8220;Desafio Jovem&#8221;, que levou muitas vidas a um encontro pessoal com Jesus.<\/p>\n<p>Este livro \u00e9 um cl\u00e1ssico da Editora Bet\u00e2nia. A hist\u00f3ria de David Wilkerson influenciou muitos crist\u00e3os brasileiros, no in\u00edcio da d\u00e9cada de 70, a iniciarem um trabalho de recupera\u00e7\u00e3o junto aos jovens viciados. Hoje, ela continua como um testemunho vivo da transforma\u00e7\u00e3o que Deus pode fazer na vida de homens e mulheres que se entregam inteiramente a Ele.<\/p>\n","protected":false},"excerpt":{"rendered":"<p>Lutas de gangues, viciados em drogas, jovens vivendo nas ruas, prostitui\u00e7\u00e3o, deprava\u00e7\u00e3o, crime e morte. Esse era o quadro sombrio&hellip;<\/p>\n","protected":false},"featured_media":341560,"comment_status":"open","ping_status":"closed","template":"","meta":[],"product_cat":[181,134],"product_tag":[],"_links":{"self":[{"href":"https:\/\/www.livrariarema.com.br\/loja\/wp-json\/wp\/v2\/product\/341561"}],"collection":[{"href":"https:\/\/www.livrariarema.com.br\/loja\/wp-json\/wp\/v2\/product"}],"about":[{"href":"https:\/\/www.livrariarema.com.br\/loja\/wp-json\/wp\/v2\/types\/product"}],"replies":[{"embeddable":true,"href":"https:\/\/www.livrariarema.com.br\/loja\/wp-json\/wp\/v2\/comments?post=341561"}],"wp:featuredmedia":[{"embeddable":true,"href":"https:\/\/www.livrariarema.com.br\/loja\/wp-json\/wp\/v2\/media\/341560"}],"wp:attachment":[{"href":"https:\/\/www.livrariarema.com.br\/loja\/wp-json\/wp\/v2\/media?parent=341561"}],"wp:term":[{"taxonomy":"product_cat","embeddable":true,"href":"https:\/\/www.livrariarema.com.br\/loja\/wp-json\/wp\/v2\/product_cat?post=341561"},{"taxonomy":"product_tag","embeddable":true,"href":"https:\/\/www.livrariarema.com.br\/loja\/wp-json\/wp\/v2\/product_tag?post=341561"}],"curies":[{"name":"wp","href":"https:\/\/api.w.org\/{rel}","templated":true}]}}