{"id":341575,"date":"2025-11-27T11:15:03","date_gmt":"2025-11-27T14:15:03","guid":{"rendered":"https:\/\/www.livrariarema.com.br\/loja\/produtos\/sem categoria\/alem-do-perdao-don-baker\/"},"modified":"2025-12-05T16:51:41","modified_gmt":"2025-12-05T19:51:41","slug":"alem-do-perdao-don-baker","status":"publish","type":"product","link":"https:\/\/www.livrariarema.com.br\/loja\/produtos\/livros\/vida-crista\/alem-do-perdao-don-baker\/","title":{"rendered":"Al\u00e9m Do Perd\u00e3o &#8211; Don Baker"},"content":{"rendered":"<p>A comovente hist\u00f3ria de uma igreja que descobriu que um de seus pastores vivia em pecado e se viu num grande dilema: como am\u00e1-lo e ajud\u00e1-lo sem prejudicar a pureza do corpo de Cristo?<\/p>\n<p>Aquele l\u00edder poderia ser restaurado sem confessar publicamente seu erro? Ele pr\u00f3prio deveria demitir-se para provar seu arrependimento? Os membros teriam amor e compreens\u00e3o suficientes para mant\u00ea-lo na comunh\u00e3o?<\/p>\n<p>Esse livro relata a reabilita\u00e7\u00e3o de um homem de Deus e oferece orienta\u00e7\u00e3o e esperan\u00e7a \u00e0queles que desejam entender e aplicar os princ\u00edpios da B\u00edblia ao processo doloroso. por\u00e9m indispens\u00e1vel. da disciplina na igreja.<\/p>\n<p>A miseric\u00f3rdia de Deus permeia todo o livro, \u00e0 medida que acompanhamos uma situa\u00e7\u00e3o desesperadora ir-se transformando em um glorioso exemplo de fidelidade e amor do Senhor.<\/p>\n","protected":false},"excerpt":{"rendered":"<p>A comovente hist\u00f3ria de uma igreja que descobriu que um de seus pastores vivia em pecado e se viu num&hellip;<\/p>\n","protected":false},"featured_media":0,"comment_status":"open","ping_status":"closed","template":"","meta":[],"product_cat":[134,137],"product_tag":[],"_links":{"self":[{"href":"https:\/\/www.livrariarema.com.br\/loja\/wp-json\/wp\/v2\/product\/341575"}],"collection":[{"href":"https:\/\/www.livrariarema.com.br\/loja\/wp-json\/wp\/v2\/product"}],"about":[{"href":"https:\/\/www.livrariarema.com.br\/loja\/wp-json\/wp\/v2\/types\/product"}],"replies":[{"embeddable":true,"href":"https:\/\/www.livrariarema.com.br\/loja\/wp-json\/wp\/v2\/comments?post=341575"}],"wp:attachment":[{"href":"https:\/\/www.livrariarema.com.br\/loja\/wp-json\/wp\/v2\/media?parent=341575"}],"wp:term":[{"taxonomy":"product_cat","embeddable":true,"href":"https:\/\/www.livrariarema.com.br\/loja\/wp-json\/wp\/v2\/product_cat?post=341575"},{"taxonomy":"product_tag","embeddable":true,"href":"https:\/\/www.livrariarema.com.br\/loja\/wp-json\/wp\/v2\/product_tag?post=341575"}],"curies":[{"name":"wp","href":"https:\/\/api.w.org\/{rel}","templated":true}]}}