{"id":341579,"date":"2025-11-27T11:15:22","date_gmt":"2025-11-27T14:15:22","guid":{"rendered":"https:\/\/www.livrariarema.com.br\/loja\/produtos\/sem categoria\/senhores-da-terra-don-richardson\/"},"modified":"2026-02-18T13:39:25","modified_gmt":"2026-02-18T16:39:25","slug":"senhores-da-terra-don-richardson","status":"publish","type":"product","link":"https:\/\/www.livrariarema.com.br\/loja\/produtos\/livros\/biografia\/senhores-da-terra-don-richardson\/","title":{"rendered":"Senhores Da Terra &#8211;  Don Richardson"},"content":{"rendered":"<p>Como levar o evangelho a gente capaz de punir com a morte aqueles que ousassem desobedecer a suas duras leis religiosas? Stanley Dale, um mission\u00e1rio brit\u00e2nico, aceitou esse tremendo desafio. Numa hist\u00f3ria cheia de emo\u00e7\u00e3o, drama e suspense, ele e seus companheiros enfrentam as maiores dificuldades para alcan\u00e7ar esse prop\u00f3sito. Senhores da Terra \u00e9 um cl\u00e1ssico das miss\u00f5es transculturais, uma hist\u00f3ria ver\u00eddica que traz um claro desafio: o de pagarmos o pre\u00e7o de nos tornarmos mission\u00e1rios, quer numa tribo remota, ou numa cidade qualquer em outro pa\u00eds, ou entre nossos pr\u00f3prios amigos e vizinhos.<\/p>\n","protected":false},"excerpt":{"rendered":"<p>Como levar o evangelho a gente capaz de punir com a morte aqueles que ousassem desobedecer a suas duras leis&hellip;<\/p>\n","protected":false},"featured_media":341578,"comment_status":"open","ping_status":"closed","template":"","meta":[],"product_cat":[181,134],"product_tag":[],"_links":{"self":[{"href":"https:\/\/www.livrariarema.com.br\/loja\/wp-json\/wp\/v2\/product\/341579"}],"collection":[{"href":"https:\/\/www.livrariarema.com.br\/loja\/wp-json\/wp\/v2\/product"}],"about":[{"href":"https:\/\/www.livrariarema.com.br\/loja\/wp-json\/wp\/v2\/types\/product"}],"replies":[{"embeddable":true,"href":"https:\/\/www.livrariarema.com.br\/loja\/wp-json\/wp\/v2\/comments?post=341579"}],"wp:featuredmedia":[{"embeddable":true,"href":"https:\/\/www.livrariarema.com.br\/loja\/wp-json\/wp\/v2\/media\/341578"}],"wp:attachment":[{"href":"https:\/\/www.livrariarema.com.br\/loja\/wp-json\/wp\/v2\/media?parent=341579"}],"wp:term":[{"taxonomy":"product_cat","embeddable":true,"href":"https:\/\/www.livrariarema.com.br\/loja\/wp-json\/wp\/v2\/product_cat?post=341579"},{"taxonomy":"product_tag","embeddable":true,"href":"https:\/\/www.livrariarema.com.br\/loja\/wp-json\/wp\/v2\/product_tag?post=341579"}],"curies":[{"name":"wp","href":"https:\/\/api.w.org\/{rel}","templated":true}]}}