{"id":341584,"date":"2025-11-27T11:16:03","date_gmt":"2025-11-27T14:16:03","guid":{"rendered":"https:\/\/www.livrariarema.com.br\/loja\/produtos\/sem categoria\/avivamento-urgente-hernandes-dias-lopes\/"},"modified":"2026-01-08T11:50:47","modified_gmt":"2026-01-08T14:50:47","slug":"avivamento-urgente-hernandes-dias-lopes","status":"publish","type":"product","link":"https:\/\/www.livrariarema.com.br\/loja\/produtos\/livros\/igreja\/avivamento-urgente-hernandes-dias-lopes\/","title":{"rendered":"Avivamento Urgente &#8211; Hernandes Dias Lopes"},"content":{"rendered":"<p>O verdadeiro avivamento necessita de s\u00f3lida base doutrin\u00e1ria.<Br><br \/>\n<Br><br \/>\nNeste livro o autor nos mostra que, no avivamento, a igreja passa a ter sede de Deus mais do que das b\u00ean\u00e7\u00e3os de Deus. No avivamento, os crentes buscam a intimidade de Deus com sofreguid\u00e3o e se empenham por alcan\u00e7\u00e1-la. No avivamento, os crentes n\u00e3o se contentam com coisas; eles querem Deus! As Escrituras dizem que as torrentes de Deus s\u00f3 caem sobre a terra seca. O Esp\u00edrito Santo s\u00f3 \u00e9 derramado sobre os sedentos. S\u00f3 os que anseiam por Deus conhecem a intimidade de Deus. S\u00f3 os sedentos ser\u00e3o saciados!<br \/>\n<Br><Br><br \/>\n&#8220;Aqui encaramos o despertamento aut\u00eantico que muda a espiritualidade superficial e transforma a sociedade. Ainda n\u00e3o experimentamos o avivamento segundo o cora\u00e7\u00e3o de Deus, enraizado na Palavra infal\u00edvel. As marcas das interven\u00e7\u00f5es poderosas de Deus devem ser claramente reconhecidas, tais como as marcas t\u00edpicas de um quadro pintado por um artista famoso. Um avivamento aut\u00eantico deve afetar a \u00e9tica e a moralidade. Deve trazer a b\u00ean\u00e7\u00e3o de Deus sobre a p\u00e1tria&#8221;. Dr. Russell Shedd<Br><\/p>\n","protected":false},"excerpt":{"rendered":"<p>O verdadeiro avivamento necessita de s\u00f3lida base doutrin\u00e1ria. Neste livro o autor nos mostra que, no avivamento, a igreja passa&hellip;<\/p>\n","protected":false},"featured_media":0,"comment_status":"open","ping_status":"closed","template":"","meta":[],"product_cat":[197,134],"product_tag":[],"_links":{"self":[{"href":"https:\/\/www.livrariarema.com.br\/loja\/wp-json\/wp\/v2\/product\/341584"}],"collection":[{"href":"https:\/\/www.livrariarema.com.br\/loja\/wp-json\/wp\/v2\/product"}],"about":[{"href":"https:\/\/www.livrariarema.com.br\/loja\/wp-json\/wp\/v2\/types\/product"}],"replies":[{"embeddable":true,"href":"https:\/\/www.livrariarema.com.br\/loja\/wp-json\/wp\/v2\/comments?post=341584"}],"wp:attachment":[{"href":"https:\/\/www.livrariarema.com.br\/loja\/wp-json\/wp\/v2\/media?parent=341584"}],"wp:term":[{"taxonomy":"product_cat","embeddable":true,"href":"https:\/\/www.livrariarema.com.br\/loja\/wp-json\/wp\/v2\/product_cat?post=341584"},{"taxonomy":"product_tag","embeddable":true,"href":"https:\/\/www.livrariarema.com.br\/loja\/wp-json\/wp\/v2\/product_tag?post=341584"}],"curies":[{"name":"wp","href":"https:\/\/api.w.org\/{rel}","templated":true}]}}