{"id":341586,"date":"2025-11-27T11:16:11","date_gmt":"2025-11-27T14:16:11","guid":{"rendered":"https:\/\/www.livrariarema.com.br\/loja\/produtos\/sem categoria\/as-quatro-dimensoes-do-evangelho-a-b-simpsom\/"},"modified":"2026-02-18T13:40:09","modified_gmt":"2026-02-18T16:40:09","slug":"as-quatro-dimensoes-do-evangelho-a-b-simpsom","status":"publish","type":"product","link":"https:\/\/www.livrariarema.com.br\/loja\/produtos\/livros\/vida-crista\/as-quatro-dimensoes-do-evangelho-a-b-simpsom\/","title":{"rendered":"As Quatro Dimens\u00f5es Do Evangelho &#8211; A. B. Simpsom"},"content":{"rendered":"<p>Escrito no s\u00e9culo XIX, este livro de A. B. Simpson permanece extremamente relevante.<\/p>\n<p>Em palavras simples, de f\u00e1cil assimila\u00e7\u00e3o, ele trata de um fato bastante importante, tanto para rec\u00e9m-convertidos quanto para filhos de Deus mais experimentados: Jesus Cristo \u00e9 a provis\u00e3o completa de Deus para todas as necessidades do homem&#8230; do esp\u00edrito, da alma e do corpo.<\/p>\n<p>Melhor ainda, ele nos ensina como nos apropriar da gra\u00e7a desse Cristo que salva, santifica, cura e que em breve vir\u00e1 outra vez.<\/p>\n<p>Um cl\u00e1ssico que informa, encanta, inspira, esclarece e leva o leitor a novas e maiores conquistas espirituais.<\/p>\n","protected":false},"excerpt":{"rendered":"<p>Escrito no s\u00e9culo XIX, este livro de A. B. Simpson permanece extremamente relevante. Em palavras simples, de f\u00e1cil assimila\u00e7\u00e3o, ele&hellip;<\/p>\n","protected":false},"featured_media":343382,"comment_status":"open","ping_status":"closed","template":"","meta":[],"product_cat":[134,137],"product_tag":[],"_links":{"self":[{"href":"https:\/\/www.livrariarema.com.br\/loja\/wp-json\/wp\/v2\/product\/341586"}],"collection":[{"href":"https:\/\/www.livrariarema.com.br\/loja\/wp-json\/wp\/v2\/product"}],"about":[{"href":"https:\/\/www.livrariarema.com.br\/loja\/wp-json\/wp\/v2\/types\/product"}],"replies":[{"embeddable":true,"href":"https:\/\/www.livrariarema.com.br\/loja\/wp-json\/wp\/v2\/comments?post=341586"}],"wp:featuredmedia":[{"embeddable":true,"href":"https:\/\/www.livrariarema.com.br\/loja\/wp-json\/wp\/v2\/media\/343382"}],"wp:attachment":[{"href":"https:\/\/www.livrariarema.com.br\/loja\/wp-json\/wp\/v2\/media?parent=341586"}],"wp:term":[{"taxonomy":"product_cat","embeddable":true,"href":"https:\/\/www.livrariarema.com.br\/loja\/wp-json\/wp\/v2\/product_cat?post=341586"},{"taxonomy":"product_tag","embeddable":true,"href":"https:\/\/www.livrariarema.com.br\/loja\/wp-json\/wp\/v2\/product_tag?post=341586"}],"curies":[{"name":"wp","href":"https:\/\/api.w.org\/{rel}","templated":true}]}}