{"id":341604,"date":"2025-11-27T12:25:05","date_gmt":"2025-11-27T15:25:05","guid":{"rendered":"https:\/\/www.livrariarema.com.br\/loja\/produtos\/sem%20categoria\/comentario-do-uso-do-at-no-nt-g-k-beale-e-d-a-carson\/"},"modified":"2026-02-20T12:34:03","modified_gmt":"2026-02-20T15:34:03","slug":"comentario-do-uso-do-at-no-nt-g-k-beale-e-d-a-carson","status":"publish","type":"product","link":"https:\/\/www.livrariarema.com.br\/loja\/produtos\/promocao\/livros-promocao\/comentario-do-uso-do-at-no-nt-g-k-beale-e-d-a-carson\/","title":{"rendered":"Coment\u00e1rio Do Uso Do At No Nt &#8211; G. K. Beale E D. A. Carson"},"content":{"rendered":"<p>Um exame aprofundado das cita\u00e7\u00f5es, das alus\u00f5es e dos ecos do Antigo Testamento presentes de Mateus a Apocalipse.<\/p>\n<p>Nesta grande obra G. K. Beale e D. A. Carson reuniram uma equipe de especialistas de renome com o prop\u00f3sito de isolar, catalogar e comentar casos presentes no Novo Testamento tanto de cita\u00e7\u00f5es claras do Antigo quanto de alus\u00f5es mais sutis \u00e0s Escrituras hebraicas. O resultado desse trabalho cuidadoso foi este coment\u00e1rio abrangente das passagens do Antigo Testamento que aparecem citadas ou aludidas de Mateus a Apocalipse &#8211; uma ferramenta fundamental de consulta para compor a biblioteca de todo estudante do Novo Testamento!<\/p>\n","protected":false},"excerpt":{"rendered":"<p>Um exame aprofundado das cita\u00e7\u00f5es, das alus\u00f5es e dos ecos do Antigo Testamento presentes de Mateus a Apocalipse. Nesta grande&hellip;<\/p>\n","protected":false},"featured_media":0,"comment_status":"open","ping_status":"closed","template":"","meta":[],"product_cat":[143,142],"product_tag":[],"_links":{"self":[{"href":"https:\/\/www.livrariarema.com.br\/loja\/wp-json\/wp\/v2\/product\/341604"}],"collection":[{"href":"https:\/\/www.livrariarema.com.br\/loja\/wp-json\/wp\/v2\/product"}],"about":[{"href":"https:\/\/www.livrariarema.com.br\/loja\/wp-json\/wp\/v2\/types\/product"}],"replies":[{"embeddable":true,"href":"https:\/\/www.livrariarema.com.br\/loja\/wp-json\/wp\/v2\/comments?post=341604"}],"wp:attachment":[{"href":"https:\/\/www.livrariarema.com.br\/loja\/wp-json\/wp\/v2\/media?parent=341604"}],"wp:term":[{"taxonomy":"product_cat","embeddable":true,"href":"https:\/\/www.livrariarema.com.br\/loja\/wp-json\/wp\/v2\/product_cat?post=341604"},{"taxonomy":"product_tag","embeddable":true,"href":"https:\/\/www.livrariarema.com.br\/loja\/wp-json\/wp\/v2\/product_tag?post=341604"}],"curies":[{"name":"wp","href":"https:\/\/api.w.org\/{rel}","templated":true}]}}