{"id":341615,"date":"2025-11-27T12:28:15","date_gmt":"2025-11-27T15:28:15","guid":{"rendered":"https:\/\/www.livrariarema.com.br\/loja\/produtos\/sem categoria\/totem-da-paz-o-don-richardson\/"},"modified":"2026-02-18T13:41:14","modified_gmt":"2026-02-18T16:41:14","slug":"totem-da-paz-o-don-richardson","status":"publish","type":"product","link":"https:\/\/www.livrariarema.com.br\/loja\/produtos\/livros\/biografia\/totem-da-paz-o-don-richardson\/","title":{"rendered":"Totem Da Paz, O &#8211; Don Richardson"},"content":{"rendered":"<p>Entre os sawis, uma tribo de canibais ca\u00e7adores de cabe\u00e7as, a tradi\u00e7\u00e3o era mais que uma filosofia de vida. Constitu\u00eda-se num &#8220;ideal que um sem n\u00famero de gera\u00e7\u00f5es passadas haviam concebido, organizado e aprimorado&#8221;. &#8220;Cevar com amizade&#8221;, para depois assassinar a v\u00edtima, era para eles a mais elevada forma de trai\u00e7\u00e3o. Que tipo de impacto poderia o evangelho causar sobre um povo que veneraria Judas como um s\u00edmbolo de masculinidade e consideraria o beijo da trai\u00e7\u00e3o como a express\u00e3o suprema da deslealdade? Conhe\u00e7a a hist\u00f3ria impressionante de um casal de mission\u00e1rios que levou aos selvagens a mensagem transformadora do &#8220;Filho da Paz&#8221;, enviado por Deus.<\/p>\n","protected":false},"excerpt":{"rendered":"<p>Entre os sawis, uma tribo de canibais ca\u00e7adores de cabe\u00e7as, a tradi\u00e7\u00e3o era mais que uma filosofia de vida. Constitu\u00eda-se&hellip;<\/p>\n","protected":false},"featured_media":341614,"comment_status":"open","ping_status":"closed","template":"","meta":[],"product_cat":[181,134],"product_tag":[],"_links":{"self":[{"href":"https:\/\/www.livrariarema.com.br\/loja\/wp-json\/wp\/v2\/product\/341615"}],"collection":[{"href":"https:\/\/www.livrariarema.com.br\/loja\/wp-json\/wp\/v2\/product"}],"about":[{"href":"https:\/\/www.livrariarema.com.br\/loja\/wp-json\/wp\/v2\/types\/product"}],"replies":[{"embeddable":true,"href":"https:\/\/www.livrariarema.com.br\/loja\/wp-json\/wp\/v2\/comments?post=341615"}],"wp:featuredmedia":[{"embeddable":true,"href":"https:\/\/www.livrariarema.com.br\/loja\/wp-json\/wp\/v2\/media\/341614"}],"wp:attachment":[{"href":"https:\/\/www.livrariarema.com.br\/loja\/wp-json\/wp\/v2\/media?parent=341615"}],"wp:term":[{"taxonomy":"product_cat","embeddable":true,"href":"https:\/\/www.livrariarema.com.br\/loja\/wp-json\/wp\/v2\/product_cat?post=341615"},{"taxonomy":"product_tag","embeddable":true,"href":"https:\/\/www.livrariarema.com.br\/loja\/wp-json\/wp\/v2\/product_tag?post=341615"}],"curies":[{"name":"wp","href":"https:\/\/api.w.org\/{rel}","templated":true}]}}