{"id":341631,"date":"2025-11-28T17:30:40","date_gmt":"2025-11-28T20:30:40","guid":{"rendered":"https:\/\/www.livrariarema.com.br\/loja\/produtos\/sem categoria\/brinquedo-educativo-maker-polilab-ciencias-tecnologia-engenharia-matematica\/"},"modified":"2026-03-13T18:42:02","modified_gmt":"2026-03-13T21:42:02","slug":"brinquedo-educativo-maker-polilab-ciencias-tecnologia-engenharia-matematica","status":"publish","type":"product","link":"https:\/\/www.livrariarema.com.br\/loja\/produtos\/brinquedos\/brinquedos-educativos\/brinquedo-educativo-maker-polilab-ciencias-tecnologia-engenharia-matematica\/","title":{"rendered":"Brinquedo Educativo &#8211; Maker &#8211; Polilab &#8211; Ciencias &#8211; Tecnologia &#8211; Engenharia &#8211; Matem\u00e1tica"},"content":{"rendered":"<p>Explore sua criatividade e habilidades pr\u00e1ticas com a LINHA MAKER POLILAB! Projetada para inspirar o &#8220;fa\u00e7a voc\u00ea mesmo&#8221;, esta linha oferece uma variedade de experimentos para pessoas de todas as idades e n\u00edveis de experi\u00eancia. Os projetos visam exercitar habilidades pr\u00e1ticas, compreender o funcionamento das coisas, promover a aprendizagem maker e incentivar a sustentabilidade. Escolha entre modelos como Carro a Propuls\u00e3o, Elevador Hidr\u00e1ulico e Barco a Motor El\u00e9trico com Materiais Recicl\u00e1veis para iniciar sua jornada de descoberta e cria\u00e7\u00e3o!<\/p>\n<p>* Vendido Individualmente<br \/>\n* Verificar Disponibilidade em estoque<\/p>\n","protected":false},"excerpt":{"rendered":"<p>Explore sua criatividade e habilidades pr\u00e1ticas com a LINHA MAKER POLILAB! Projetada para inspirar o &#8220;fa\u00e7a voc\u00ea mesmo&#8221;, esta linha&hellip;<\/p>\n","protected":false},"featured_media":341630,"comment_status":"open","ping_status":"closed","template":"","meta":[],"product_cat":[315,319],"product_tag":[],"_links":{"self":[{"href":"https:\/\/www.livrariarema.com.br\/loja\/wp-json\/wp\/v2\/product\/341631"}],"collection":[{"href":"https:\/\/www.livrariarema.com.br\/loja\/wp-json\/wp\/v2\/product"}],"about":[{"href":"https:\/\/www.livrariarema.com.br\/loja\/wp-json\/wp\/v2\/types\/product"}],"replies":[{"embeddable":true,"href":"https:\/\/www.livrariarema.com.br\/loja\/wp-json\/wp\/v2\/comments?post=341631"}],"wp:featuredmedia":[{"embeddable":true,"href":"https:\/\/www.livrariarema.com.br\/loja\/wp-json\/wp\/v2\/media\/341630"}],"wp:attachment":[{"href":"https:\/\/www.livrariarema.com.br\/loja\/wp-json\/wp\/v2\/media?parent=341631"}],"wp:term":[{"taxonomy":"product_cat","embeddable":true,"href":"https:\/\/www.livrariarema.com.br\/loja\/wp-json\/wp\/v2\/product_cat?post=341631"},{"taxonomy":"product_tag","embeddable":true,"href":"https:\/\/www.livrariarema.com.br\/loja\/wp-json\/wp\/v2\/product_tag?post=341631"}],"curies":[{"name":"wp","href":"https:\/\/api.w.org\/{rel}","templated":true}]}}