{"id":341633,"date":"2025-11-28T17:30:48","date_gmt":"2025-11-28T20:30:48","guid":{"rendered":"https:\/\/www.livrariarema.com.br\/loja\/produtos\/sem categoria\/brinquedo-educativo-madeira-maker\/"},"modified":"2026-02-14T12:51:05","modified_gmt":"2026-02-14T15:51:05","slug":"brinquedo-educativo-madeira-maker","status":"publish","type":"product","link":"https:\/\/www.livrariarema.com.br\/loja\/produtos\/brinquedos\/brinquedos-educativos\/brinquedo-educativo-madeira-maker\/","title":{"rendered":"Brinquedo Educativo &#8211; Madeira &#8211; Maker"},"content":{"rendered":"<p>Desperte sua criatividade e habilidades pr\u00e1ticas com a LINHA MAKER POLILAB! Esta linha celebra a cultura &#8220;fa\u00e7a voc\u00ea mesmo&#8221;, convidando pessoas de todas as idades e n\u00edveis de experi\u00eancia a explorarem projetos diversos. Com foco na autonomia e no protagonismo, cada experimento visa exercitar habilidades pr\u00e1ticas, compreender o funcionamento das coisas, estimular a aprendizagem maker e fomentar a sustentabilidade. Construa desde uma simples escavadeira hidr\u00e1ulica at\u00e9 uma esta\u00e7\u00e3o de energia e\u00f3lica, descobrindo um mundo de possibilidades criativas e educativas!<\/p>\n<p>* Vendido Individualmente<br \/>\n* Verificar Disponibilidade em estoque<\/p>\n","protected":false},"excerpt":{"rendered":"<p>Desperte sua criatividade e habilidades pr\u00e1ticas com a LINHA MAKER POLILAB! Esta linha celebra a cultura &#8220;fa\u00e7a voc\u00ea mesmo&#8221;, convidando&hellip;<\/p>\n","protected":false},"featured_media":341632,"comment_status":"open","ping_status":"closed","template":"","meta":[],"product_cat":[315,319],"product_tag":[],"_links":{"self":[{"href":"https:\/\/www.livrariarema.com.br\/loja\/wp-json\/wp\/v2\/product\/341633"}],"collection":[{"href":"https:\/\/www.livrariarema.com.br\/loja\/wp-json\/wp\/v2\/product"}],"about":[{"href":"https:\/\/www.livrariarema.com.br\/loja\/wp-json\/wp\/v2\/types\/product"}],"replies":[{"embeddable":true,"href":"https:\/\/www.livrariarema.com.br\/loja\/wp-json\/wp\/v2\/comments?post=341633"}],"wp:featuredmedia":[{"embeddable":true,"href":"https:\/\/www.livrariarema.com.br\/loja\/wp-json\/wp\/v2\/media\/341632"}],"wp:attachment":[{"href":"https:\/\/www.livrariarema.com.br\/loja\/wp-json\/wp\/v2\/media?parent=341633"}],"wp:term":[{"taxonomy":"product_cat","embeddable":true,"href":"https:\/\/www.livrariarema.com.br\/loja\/wp-json\/wp\/v2\/product_cat?post=341633"},{"taxonomy":"product_tag","embeddable":true,"href":"https:\/\/www.livrariarema.com.br\/loja\/wp-json\/wp\/v2\/product_tag?post=341633"}],"curies":[{"name":"wp","href":"https:\/\/api.w.org\/{rel}","templated":true}]}}