{"id":341635,"date":"2025-11-28T17:31:08","date_gmt":"2025-11-28T20:31:08","guid":{"rendered":"https:\/\/www.livrariarema.com.br\/loja\/produtos\/sem categoria\/giz-magico-risca-e-sai\/"},"modified":"2026-04-04T10:01:05","modified_gmt":"2026-04-04T13:01:05","slug":"giz-magico-risca-e-sai","status":"publish","type":"product","link":"https:\/\/www.livrariarema.com.br\/loja\/produtos\/brinquedos\/diversos-brinquedos\/giz-magico-risca-e-sai\/","title":{"rendered":"Giz M\u00e1gico &#8211; Risca E Sai"},"content":{"rendered":"<p>O Giz M\u00e1gico \u00e9 uma maneira incrivelmente divertida de transformar o banheiro em uma tela de arte colorida! Com cores vibrantes e f\u00e1ceis de limpar, este giz especial \u00e9 perfeito para crian\u00e7as expressarem sua criatividade nos azulejos do banheiro. Basta desenhar, apagar e come\u00e7ar de novo para uma divers\u00e3o intermin\u00e1vel. Deixe as crian\u00e7as soltarem sua imagina\u00e7\u00e3o enquanto se divertem durante o banho com o Giz M\u00e1gico!<\/p>\n<p>Produto seguro e n\u00e3o toxico. Recomendado para crian\u00e7as acima de 3 anos.<\/p>\n","protected":false},"excerpt":{"rendered":"<p>O Giz M\u00e1gico \u00e9 uma maneira incrivelmente divertida de transformar o banheiro em uma tela de arte colorida! Com cores&hellip;<\/p>\n","protected":false},"featured_media":341634,"comment_status":"open","ping_status":"closed","template":"","meta":[],"product_cat":[315,339],"product_tag":[],"_links":{"self":[{"href":"https:\/\/www.livrariarema.com.br\/loja\/wp-json\/wp\/v2\/product\/341635"}],"collection":[{"href":"https:\/\/www.livrariarema.com.br\/loja\/wp-json\/wp\/v2\/product"}],"about":[{"href":"https:\/\/www.livrariarema.com.br\/loja\/wp-json\/wp\/v2\/types\/product"}],"replies":[{"embeddable":true,"href":"https:\/\/www.livrariarema.com.br\/loja\/wp-json\/wp\/v2\/comments?post=341635"}],"wp:featuredmedia":[{"embeddable":true,"href":"https:\/\/www.livrariarema.com.br\/loja\/wp-json\/wp\/v2\/media\/341634"}],"wp:attachment":[{"href":"https:\/\/www.livrariarema.com.br\/loja\/wp-json\/wp\/v2\/media?parent=341635"}],"wp:term":[{"taxonomy":"product_cat","embeddable":true,"href":"https:\/\/www.livrariarema.com.br\/loja\/wp-json\/wp\/v2\/product_cat?post=341635"},{"taxonomy":"product_tag","embeddable":true,"href":"https:\/\/www.livrariarema.com.br\/loja\/wp-json\/wp\/v2\/product_tag?post=341635"}],"curies":[{"name":"wp","href":"https:\/\/api.w.org\/{rel}","templated":true}]}}