{"id":341643,"date":"2025-11-28T17:31:51","date_gmt":"2025-11-28T20:31:51","guid":{"rendered":"https:\/\/www.livrariarema.com.br\/loja\/produtos\/sem categoria\/brinquedo-educativo-number-eggs\/"},"modified":"2025-11-28T17:31:56","modified_gmt":"2025-11-28T20:31:56","slug":"brinquedo-educativo-number-eggs","status":"publish","type":"product","link":"https:\/\/www.livrariarema.com.br\/loja\/produtos\/brinquedos\/brinquedos-educativos\/brinquedo-educativo-number-eggs\/","title":{"rendered":"Brinquedo Educativo &#8211; Number Eggs"},"content":{"rendered":"<p>O Number Eggs \u00e9 um jogo educativo encantador que estimula o racioc\u00ednio l\u00f3gico, a coordena\u00e7\u00e3o motora e a percep\u00e7\u00e3o visual das crian\u00e7as. Cada &#8220;ovo&#8221; se abre revelando n\u00fameros coloridos que devem ser combinados corretamente, promovendo a identifica\u00e7\u00e3o num\u00e9rica e o pensamento anal\u00edtico de forma l\u00fadica. Ideal para a fase pr\u00e9-escolar, \u00e9 um brinquedo envolvente que transforma o aprendizado em pura divers\u00e3o!<\/p>\n","protected":false},"excerpt":{"rendered":"<p>O Number Eggs \u00e9 um jogo educativo encantador que estimula o racioc\u00ednio l\u00f3gico, a coordena\u00e7\u00e3o motora e a percep\u00e7\u00e3o visual&hellip;<\/p>\n","protected":false},"featured_media":341642,"comment_status":"open","ping_status":"closed","template":"","meta":[],"product_cat":[315,319],"product_tag":[],"_links":{"self":[{"href":"https:\/\/www.livrariarema.com.br\/loja\/wp-json\/wp\/v2\/product\/341643"}],"collection":[{"href":"https:\/\/www.livrariarema.com.br\/loja\/wp-json\/wp\/v2\/product"}],"about":[{"href":"https:\/\/www.livrariarema.com.br\/loja\/wp-json\/wp\/v2\/types\/product"}],"replies":[{"embeddable":true,"href":"https:\/\/www.livrariarema.com.br\/loja\/wp-json\/wp\/v2\/comments?post=341643"}],"wp:featuredmedia":[{"embeddable":true,"href":"https:\/\/www.livrariarema.com.br\/loja\/wp-json\/wp\/v2\/media\/341642"}],"wp:attachment":[{"href":"https:\/\/www.livrariarema.com.br\/loja\/wp-json\/wp\/v2\/media?parent=341643"}],"wp:term":[{"taxonomy":"product_cat","embeddable":true,"href":"https:\/\/www.livrariarema.com.br\/loja\/wp-json\/wp\/v2\/product_cat?post=341643"},{"taxonomy":"product_tag","embeddable":true,"href":"https:\/\/www.livrariarema.com.br\/loja\/wp-json\/wp\/v2\/product_tag?post=341643"}],"curies":[{"name":"wp","href":"https:\/\/api.w.org\/{rel}","templated":true}]}}