{"id":341645,"date":"2025-11-28T17:32:00","date_gmt":"2025-11-28T20:32:00","guid":{"rendered":"https:\/\/www.livrariarema.com.br\/loja\/produtos\/sem categoria\/brinquedo-educativo-fala-palavras\/"},"modified":"2025-11-28T17:32:05","modified_gmt":"2025-11-28T20:32:05","slug":"brinquedo-educativo-fala-palavras","status":"publish","type":"product","link":"https:\/\/www.livrariarema.com.br\/loja\/produtos\/brinquedos\/brinquedos-educativos\/brinquedo-educativo-fala-palavras\/","title":{"rendered":"Brinquedo Educativo &#8211; Fala Palavras"},"content":{"rendered":"<p>Falapalavras: um jeito divertido de aprender dois idiomas ao mesmo tempo! Com 448 palavras do cotidiano &#8211; sendo 224 em portugu\u00eas e 224 em ingl\u00eas &#8211; esse jogo educativo \u00e9 perfeito para ampliar o vocabul\u00e1rio das crian\u00e7as de forma l\u00fadica e envolvente.<\/p>\n<p>As palavras est\u00e3o organizadas em 12 categorias tem\u00e1ticas super pr\u00e1ticas e familiares: Animais, Ve\u00edculos, Necessidades Di\u00e1rias, Comidas, Verduras, Frutas, Fam\u00edlia, Cores, Formas, Profiss\u00f5es, Roupas e Elementos Naturais.<\/p>\n<p>Ideal para estimular o aprendizado bil\u00edngue, desenvolver a mem\u00f3ria, associa\u00e7\u00e3o de ideias e o racioc\u00ednio l\u00f3gico, o Falapalavras transforma o estudo em uma verdadeira brincadeira de descobrir o mundo!<\/p>\n","protected":false},"excerpt":{"rendered":"<p>Falapalavras: um jeito divertido de aprender dois idiomas ao mesmo tempo! Com 448 palavras do cotidiano &#8211; sendo 224 em&hellip;<\/p>\n","protected":false},"featured_media":341644,"comment_status":"open","ping_status":"closed","template":"","meta":[],"product_cat":[315,319],"product_tag":[],"_links":{"self":[{"href":"https:\/\/www.livrariarema.com.br\/loja\/wp-json\/wp\/v2\/product\/341645"}],"collection":[{"href":"https:\/\/www.livrariarema.com.br\/loja\/wp-json\/wp\/v2\/product"}],"about":[{"href":"https:\/\/www.livrariarema.com.br\/loja\/wp-json\/wp\/v2\/types\/product"}],"replies":[{"embeddable":true,"href":"https:\/\/www.livrariarema.com.br\/loja\/wp-json\/wp\/v2\/comments?post=341645"}],"wp:featuredmedia":[{"embeddable":true,"href":"https:\/\/www.livrariarema.com.br\/loja\/wp-json\/wp\/v2\/media\/341644"}],"wp:attachment":[{"href":"https:\/\/www.livrariarema.com.br\/loja\/wp-json\/wp\/v2\/media?parent=341645"}],"wp:term":[{"taxonomy":"product_cat","embeddable":true,"href":"https:\/\/www.livrariarema.com.br\/loja\/wp-json\/wp\/v2\/product_cat?post=341645"},{"taxonomy":"product_tag","embeddable":true,"href":"https:\/\/www.livrariarema.com.br\/loja\/wp-json\/wp\/v2\/product_tag?post=341645"}],"curies":[{"name":"wp","href":"https:\/\/api.w.org\/{rel}","templated":true}]}}