{"id":341647,"date":"2025-11-28T17:32:11","date_gmt":"2025-11-28T20:32:11","guid":{"rendered":"https:\/\/www.livrariarema.com.br\/loja\/produtos\/sem categoria\/brinquedo-educativo-madeira-labirinto-magnetico\/"},"modified":"2025-12-19T16:21:17","modified_gmt":"2025-12-19T19:21:17","slug":"brinquedo-educativo-madeira-labirinto-magnetico","status":"publish","type":"product","link":"https:\/\/www.livrariarema.com.br\/loja\/produtos\/brinquedos\/brinquedos-educativos\/brinquedo-educativo-madeira-labirinto-magnetico\/","title":{"rendered":"Brinquedo Educativo &#8211; Madeira &#8211; Labirinto Magn\u00e9tico"},"content":{"rendered":"<p>Com o Labirinto Magn\u00e9tico da Educaplay, aprender vira uma grande aventura!  Enquanto as crian\u00e7as guiam as bolinhas pelos caminhos, elas desenvolvem racioc\u00ednio l\u00f3gico, concentra\u00e7\u00e3o e coordena\u00e7\u00e3o motora. A brincadeira ainda ensina cores, n\u00fameros em ingl\u00eas, adi\u00e7\u00e3o, subtra\u00e7\u00e3o e estimula a percep\u00e7\u00e3o de semelhan\u00e7as e diferen\u00e7as &#8211; tudo de forma l\u00fadica e envolvente!<\/p>\n","protected":false},"excerpt":{"rendered":"<p>Com o Labirinto Magn\u00e9tico da Educaplay, aprender vira uma grande aventura! Enquanto as crian\u00e7as guiam as bolinhas pelos caminhos, elas&hellip;<\/p>\n","protected":false},"featured_media":341646,"comment_status":"open","ping_status":"closed","template":"","meta":[],"product_cat":[315,319],"product_tag":[],"_links":{"self":[{"href":"https:\/\/www.livrariarema.com.br\/loja\/wp-json\/wp\/v2\/product\/341647"}],"collection":[{"href":"https:\/\/www.livrariarema.com.br\/loja\/wp-json\/wp\/v2\/product"}],"about":[{"href":"https:\/\/www.livrariarema.com.br\/loja\/wp-json\/wp\/v2\/types\/product"}],"replies":[{"embeddable":true,"href":"https:\/\/www.livrariarema.com.br\/loja\/wp-json\/wp\/v2\/comments?post=341647"}],"wp:featuredmedia":[{"embeddable":true,"href":"https:\/\/www.livrariarema.com.br\/loja\/wp-json\/wp\/v2\/media\/341646"}],"wp:attachment":[{"href":"https:\/\/www.livrariarema.com.br\/loja\/wp-json\/wp\/v2\/media?parent=341647"}],"wp:term":[{"taxonomy":"product_cat","embeddable":true,"href":"https:\/\/www.livrariarema.com.br\/loja\/wp-json\/wp\/v2\/product_cat?post=341647"},{"taxonomy":"product_tag","embeddable":true,"href":"https:\/\/www.livrariarema.com.br\/loja\/wp-json\/wp\/v2\/product_tag?post=341647"}],"curies":[{"name":"wp","href":"https:\/\/api.w.org\/{rel}","templated":true}]}}