{"id":341649,"date":"2025-11-28T17:32:26","date_gmt":"2025-11-28T20:32:26","guid":{"rendered":"https:\/\/www.livrariarema.com.br\/loja\/produtos\/sem categoria\/quebra-cabeca-madeira-ciclo-da-vida\/"},"modified":"2026-01-21T09:51:01","modified_gmt":"2026-01-21T12:51:01","slug":"quebra-cabeca-madeira-ciclo-da-vida","status":"publish","type":"product","link":"https:\/\/www.livrariarema.com.br\/loja\/produtos\/brinquedos\/quebra-cabecas\/quebra-cabeca-madeira-ciclo-da-vida\/","title":{"rendered":"Quebra-Cabe\u00e7a &#8211; Madeira &#8211; Ciclo Da Vida"},"content":{"rendered":"<p>O Quebra-Cabe\u00e7a Ciclo da Vida leva as crian\u00e7as a uma jornada divertida pelas etapas do desenvolvimento humano! Enquanto montam as pe\u00e7as, aprendem sobre as mudan\u00e7as do corpo ao longo do tempo, desenvolvem empatia e estimulam a curiosidade e a imagina\u00e7\u00e3o. Um brinquedo educativo que tamb\u00e9m fortalece a mem\u00f3ria, a concentra\u00e7\u00e3o, o racioc\u00ednio l\u00f3gico e amplia o vocabul\u00e1rio de forma l\u00fadica e envolvente!<\/p>\n","protected":false},"excerpt":{"rendered":"<p>O Quebra-Cabe\u00e7a Ciclo da Vida leva as crian\u00e7as a uma jornada divertida pelas etapas do desenvolvimento humano! Enquanto montam as&hellip;<\/p>\n","protected":false},"featured_media":341648,"comment_status":"open","ping_status":"closed","template":"","meta":[],"product_cat":[315,321],"product_tag":[],"_links":{"self":[{"href":"https:\/\/www.livrariarema.com.br\/loja\/wp-json\/wp\/v2\/product\/341649"}],"collection":[{"href":"https:\/\/www.livrariarema.com.br\/loja\/wp-json\/wp\/v2\/product"}],"about":[{"href":"https:\/\/www.livrariarema.com.br\/loja\/wp-json\/wp\/v2\/types\/product"}],"replies":[{"embeddable":true,"href":"https:\/\/www.livrariarema.com.br\/loja\/wp-json\/wp\/v2\/comments?post=341649"}],"wp:featuredmedia":[{"embeddable":true,"href":"https:\/\/www.livrariarema.com.br\/loja\/wp-json\/wp\/v2\/media\/341648"}],"wp:attachment":[{"href":"https:\/\/www.livrariarema.com.br\/loja\/wp-json\/wp\/v2\/media?parent=341649"}],"wp:term":[{"taxonomy":"product_cat","embeddable":true,"href":"https:\/\/www.livrariarema.com.br\/loja\/wp-json\/wp\/v2\/product_cat?post=341649"},{"taxonomy":"product_tag","embeddable":true,"href":"https:\/\/www.livrariarema.com.br\/loja\/wp-json\/wp\/v2\/product_tag?post=341649"}],"curies":[{"name":"wp","href":"https:\/\/api.w.org\/{rel}","templated":true}]}}