{"id":341651,"date":"2025-11-28T17:32:34","date_gmt":"2025-11-28T20:32:34","guid":{"rendered":"https:\/\/www.livrariarema.com.br\/loja\/produtos\/sem categoria\/brinquedo-educativo-madeira-caixa-do-conhecimento\/"},"modified":"2026-03-04T14:31:08","modified_gmt":"2026-03-04T17:31:08","slug":"brinquedo-educativo-madeira-caixa-do-conhecimento","status":"publish","type":"product","link":"https:\/\/www.livrariarema.com.br\/loja\/produtos\/brinquedos\/brinquedos-educativos\/brinquedo-educativo-madeira-caixa-do-conhecimento\/","title":{"rendered":"Brinquedo Educativo &#8211; Madeira &#8211; Caixa Do Conhecimento"},"content":{"rendered":"<p>Muito mais que um jogo, a Caixa do Conhecimento \u00e9 uma ferramenta educativa completa, pensada para tornar o aprendizado das opera\u00e7\u00f5es aritm\u00e9ticas algo leve, divertido e significativo. Com ela, as crian\u00e7as fixam conceitos fundamentais como adi\u00e7\u00e3o, subtra\u00e7\u00e3o, compara\u00e7\u00e3o de quantidades e identifica\u00e7\u00e3o dos n\u00fameros de forma pr\u00e1tica e interativa.<\/p>\n<p>Al\u00e9m de estimular o racioc\u00ednio l\u00f3gico, a criatividade e a resolu\u00e7\u00e3o de problemas, o jogo promove habilidades sociais importantes ao ser jogado em grupo, incentivando a coopera\u00e7\u00e3o, o respeito \u00e0s regras e o di\u00e1logo.<\/p>\n<p>E tem mais: com o espa\u00e7o livre de lousa incluso, a crian\u00e7a pode desenhar, escrever e se expressar livremente, desenvolvendo sua autoconfian\u00e7a, autoestima, reconhecimento de letras e n\u00fameros, e habilidades art\u00edsticas. Um verdadeiro aliado para aprender brincando!<\/p>\n","protected":false},"excerpt":{"rendered":"<p>Muito mais que um jogo, a Caixa do Conhecimento \u00e9 uma ferramenta educativa completa, pensada para tornar o aprendizado das&hellip;<\/p>\n","protected":false},"featured_media":341650,"comment_status":"open","ping_status":"closed","template":"","meta":[],"product_cat":[315,319],"product_tag":[],"_links":{"self":[{"href":"https:\/\/www.livrariarema.com.br\/loja\/wp-json\/wp\/v2\/product\/341651"}],"collection":[{"href":"https:\/\/www.livrariarema.com.br\/loja\/wp-json\/wp\/v2\/product"}],"about":[{"href":"https:\/\/www.livrariarema.com.br\/loja\/wp-json\/wp\/v2\/types\/product"}],"replies":[{"embeddable":true,"href":"https:\/\/www.livrariarema.com.br\/loja\/wp-json\/wp\/v2\/comments?post=341651"}],"wp:featuredmedia":[{"embeddable":true,"href":"https:\/\/www.livrariarema.com.br\/loja\/wp-json\/wp\/v2\/media\/341650"}],"wp:attachment":[{"href":"https:\/\/www.livrariarema.com.br\/loja\/wp-json\/wp\/v2\/media?parent=341651"}],"wp:term":[{"taxonomy":"product_cat","embeddable":true,"href":"https:\/\/www.livrariarema.com.br\/loja\/wp-json\/wp\/v2\/product_cat?post=341651"},{"taxonomy":"product_tag","embeddable":true,"href":"https:\/\/www.livrariarema.com.br\/loja\/wp-json\/wp\/v2\/product_tag?post=341651"}],"curies":[{"name":"wp","href":"https:\/\/api.w.org\/{rel}","templated":true}]}}