{"id":341653,"date":"2025-11-28T17:32:41","date_gmt":"2025-11-28T20:32:41","guid":{"rendered":"https:\/\/www.livrariarema.com.br\/loja\/produtos\/sem categoria\/brinquedo-educativo-follow-pins-12-desafios\/"},"modified":"2025-11-28T17:32:43","modified_gmt":"2025-11-28T20:32:43","slug":"brinquedo-educativo-follow-pins-12-desafios","status":"publish","type":"product","link":"https:\/\/www.livrariarema.com.br\/loja\/produtos\/brinquedos\/brinquedos-educativos\/brinquedo-educativo-follow-pins-12-desafios\/","title":{"rendered":"Brinquedo Educativo &#8211; Follow Pins &#8211; 12 Desafios"},"content":{"rendered":"<p>O Follow Pins \u00e9 um jogo educativo que visa estimular a interpreta\u00e7\u00e3o, racioc\u00ednio l\u00f3gico e habilidades motoras das crian\u00e7as. Com atividades que envolvem a separa\u00e7\u00e3o por cor e sequ\u00eancia, o jogo contribui para o desenvolvimento da linguagem, al\u00e9m de promover a percep\u00e7\u00e3o visual e o aprendizado de forma divertida. Com 12 desafios diferentes, 12 cartelas e 180 pinos coloridos, o Follow Pins oferece uma ampla variedade de exerc\u00edcios para entreter e educar as crian\u00e7as.<\/p>\n","protected":false},"excerpt":{"rendered":"<p>O Follow Pins \u00e9 um jogo educativo que visa estimular a interpreta\u00e7\u00e3o, racioc\u00ednio l\u00f3gico e habilidades motoras das crian\u00e7as. Com&hellip;<\/p>\n","protected":false},"featured_media":341652,"comment_status":"open","ping_status":"closed","template":"","meta":[],"product_cat":[315,319],"product_tag":[],"_links":{"self":[{"href":"https:\/\/www.livrariarema.com.br\/loja\/wp-json\/wp\/v2\/product\/341653"}],"collection":[{"href":"https:\/\/www.livrariarema.com.br\/loja\/wp-json\/wp\/v2\/product"}],"about":[{"href":"https:\/\/www.livrariarema.com.br\/loja\/wp-json\/wp\/v2\/types\/product"}],"replies":[{"embeddable":true,"href":"https:\/\/www.livrariarema.com.br\/loja\/wp-json\/wp\/v2\/comments?post=341653"}],"wp:featuredmedia":[{"embeddable":true,"href":"https:\/\/www.livrariarema.com.br\/loja\/wp-json\/wp\/v2\/media\/341652"}],"wp:attachment":[{"href":"https:\/\/www.livrariarema.com.br\/loja\/wp-json\/wp\/v2\/media?parent=341653"}],"wp:term":[{"taxonomy":"product_cat","embeddable":true,"href":"https:\/\/www.livrariarema.com.br\/loja\/wp-json\/wp\/v2\/product_cat?post=341653"},{"taxonomy":"product_tag","embeddable":true,"href":"https:\/\/www.livrariarema.com.br\/loja\/wp-json\/wp\/v2\/product_tag?post=341653"}],"curies":[{"name":"wp","href":"https:\/\/api.w.org\/{rel}","templated":true}]}}