{"id":341655,"date":"2025-11-28T17:32:46","date_gmt":"2025-11-28T20:32:46","guid":{"rendered":"https:\/\/www.livrariarema.com.br\/loja\/produtos\/sem categoria\/brinquedo-educativo-follow-shapes-12-desafios\/"},"modified":"2025-12-08T10:30:53","modified_gmt":"2025-12-08T13:30:53","slug":"brinquedo-educativo-follow-shapes-12-desafios","status":"publish","type":"product","link":"https:\/\/www.livrariarema.com.br\/loja\/produtos\/brinquedos\/brinquedos-educativos\/brinquedo-educativo-follow-shapes-12-desafios\/","title":{"rendered":"Brinquedo Educativo &#8211; Follow Shapes &#8211; 12 Desafios"},"content":{"rendered":"<p>O Follow Shapes \u00e9 um jogo educativo que desafia as crian\u00e7as a colorirem imagens usando formas geom\u00e9tricas. Com 12 cartelas e 24 pe\u00e7as coloridas, o jogo oferece uma maneira divertida e estimulante de desenvolver habilidades de interpreta\u00e7\u00e3o e racioc\u00ednio l\u00f3gico. As crian\u00e7as podem explorar diferentes combina\u00e7\u00f5es de formas enquanto aprendem sobre cores e formas de uma forma interativa.<\/p>\n","protected":false},"excerpt":{"rendered":"<p>O Follow Shapes \u00e9 um jogo educativo que desafia as crian\u00e7as a colorirem imagens usando formas geom\u00e9tricas. Com 12 cartelas&hellip;<\/p>\n","protected":false},"featured_media":341654,"comment_status":"open","ping_status":"closed","template":"","meta":[],"product_cat":[315,319],"product_tag":[],"_links":{"self":[{"href":"https:\/\/www.livrariarema.com.br\/loja\/wp-json\/wp\/v2\/product\/341655"}],"collection":[{"href":"https:\/\/www.livrariarema.com.br\/loja\/wp-json\/wp\/v2\/product"}],"about":[{"href":"https:\/\/www.livrariarema.com.br\/loja\/wp-json\/wp\/v2\/types\/product"}],"replies":[{"embeddable":true,"href":"https:\/\/www.livrariarema.com.br\/loja\/wp-json\/wp\/v2\/comments?post=341655"}],"wp:featuredmedia":[{"embeddable":true,"href":"https:\/\/www.livrariarema.com.br\/loja\/wp-json\/wp\/v2\/media\/341654"}],"wp:attachment":[{"href":"https:\/\/www.livrariarema.com.br\/loja\/wp-json\/wp\/v2\/media?parent=341655"}],"wp:term":[{"taxonomy":"product_cat","embeddable":true,"href":"https:\/\/www.livrariarema.com.br\/loja\/wp-json\/wp\/v2\/product_cat?post=341655"},{"taxonomy":"product_tag","embeddable":true,"href":"https:\/\/www.livrariarema.com.br\/loja\/wp-json\/wp\/v2\/product_tag?post=341655"}],"curies":[{"name":"wp","href":"https:\/\/api.w.org\/{rel}","templated":true}]}}