{"id":341659,"date":"2025-11-28T17:33:06","date_gmt":"2025-11-28T20:33:06","guid":{"rendered":"https:\/\/www.livrariarema.com.br\/loja\/produtos\/sem categoria\/brinquedo-educativo-monkey-balance-somar-30-desafios\/"},"modified":"2025-11-28T17:33:08","modified_gmt":"2025-11-28T20:33:08","slug":"brinquedo-educativo-monkey-balance-somar-30-desafios","status":"publish","type":"product","link":"https:\/\/www.livrariarema.com.br\/loja\/produtos\/brinquedos\/brinquedos-educativos\/brinquedo-educativo-monkey-balance-somar-30-desafios\/","title":{"rendered":"Brinquedo Educativo &#8211; Monkey Balance &#8211; Somar &#8211; 30 Desafios"},"content":{"rendered":"<p>O Monkey Balance \u00e9 um jogo educativo que possibilita ensinar a soma de maneira simples e did\u00e1tica, estimulando o racioc\u00ednio matem\u00e1tico das crian\u00e7as desde cedo. Composto por balan\u00e7as coloridas e diversos pesos representados por macaquinhos, o jogo torna o aprendizado da matem\u00e1tica mais divertido e envolvente para as crian\u00e7as. Al\u00e9m de desenvolver habilidades matem\u00e1ticas, o Monkey Balance promove o trabalho em equipe, a coordena\u00e7\u00e3o motora e o racioc\u00ednio l\u00f3gico.<\/p>\n","protected":false},"excerpt":{"rendered":"<p>O Monkey Balance \u00e9 um jogo educativo que possibilita ensinar a soma de maneira simples e did\u00e1tica, estimulando o racioc\u00ednio&hellip;<\/p>\n","protected":false},"featured_media":341658,"comment_status":"open","ping_status":"closed","template":"","meta":[],"product_cat":[315,319],"product_tag":[],"_links":{"self":[{"href":"https:\/\/www.livrariarema.com.br\/loja\/wp-json\/wp\/v2\/product\/341659"}],"collection":[{"href":"https:\/\/www.livrariarema.com.br\/loja\/wp-json\/wp\/v2\/product"}],"about":[{"href":"https:\/\/www.livrariarema.com.br\/loja\/wp-json\/wp\/v2\/types\/product"}],"replies":[{"embeddable":true,"href":"https:\/\/www.livrariarema.com.br\/loja\/wp-json\/wp\/v2\/comments?post=341659"}],"wp:featuredmedia":[{"embeddable":true,"href":"https:\/\/www.livrariarema.com.br\/loja\/wp-json\/wp\/v2\/media\/341658"}],"wp:attachment":[{"href":"https:\/\/www.livrariarema.com.br\/loja\/wp-json\/wp\/v2\/media?parent=341659"}],"wp:term":[{"taxonomy":"product_cat","embeddable":true,"href":"https:\/\/www.livrariarema.com.br\/loja\/wp-json\/wp\/v2\/product_cat?post=341659"},{"taxonomy":"product_tag","embeddable":true,"href":"https:\/\/www.livrariarema.com.br\/loja\/wp-json\/wp\/v2\/product_tag?post=341659"}],"curies":[{"name":"wp","href":"https:\/\/api.w.org\/{rel}","templated":true}]}}