{"id":341663,"date":"2025-11-28T17:33:16","date_gmt":"2025-11-28T20:33:16","guid":{"rendered":"https:\/\/www.livrariarema.com.br\/loja\/produtos\/sem categoria\/brinquedo-educativo-madeira-encaixa-formas\/"},"modified":"2026-01-02T11:21:31","modified_gmt":"2026-01-02T14:21:31","slug":"brinquedo-educativo-madeira-encaixa-formas","status":"publish","type":"product","link":"https:\/\/www.livrariarema.com.br\/loja\/produtos\/brinquedos\/brinquedos-educativos\/brinquedo-educativo-madeira-encaixa-formas\/","title":{"rendered":"Brinquedo Educativo &#8211; Madeira &#8211; Encaixa Formas"},"content":{"rendered":"<p>O jogo Encaixa Formas \u00e9 uma excelente ferramenta de aprendizado que segue os princ\u00edpios da metodologia Montessori. Projetado para crian\u00e7as em fase de desenvolvimento, este jogo permite que elas resolvam uma variedade de combina\u00e7\u00f5es seguindo cart\u00f5es com diferentes n\u00edveis de dificuldade. Ao encaixar as formas corretamente, as crian\u00e7as estimulam habilidades como interpreta\u00e7\u00e3o, matem\u00e1tica e racioc\u00ednio l\u00f3gico, al\u00e9m de promover o reconhecimento de cores e formas, essenciais para o desenvolvimento precoce da intelig\u00eancia. Com 6 desafios distintos, o jogo oferece uma experi\u00eancia educativa envolvente e progressiva.<\/p>\n","protected":false},"excerpt":{"rendered":"<p>O jogo Encaixa Formas \u00e9 uma excelente ferramenta de aprendizado que segue os princ\u00edpios da metodologia Montessori. Projetado para crian\u00e7as&hellip;<\/p>\n","protected":false},"featured_media":341662,"comment_status":"open","ping_status":"closed","template":"","meta":[],"product_cat":[315,319],"product_tag":[],"_links":{"self":[{"href":"https:\/\/www.livrariarema.com.br\/loja\/wp-json\/wp\/v2\/product\/341663"}],"collection":[{"href":"https:\/\/www.livrariarema.com.br\/loja\/wp-json\/wp\/v2\/product"}],"about":[{"href":"https:\/\/www.livrariarema.com.br\/loja\/wp-json\/wp\/v2\/types\/product"}],"replies":[{"embeddable":true,"href":"https:\/\/www.livrariarema.com.br\/loja\/wp-json\/wp\/v2\/comments?post=341663"}],"wp:featuredmedia":[{"embeddable":true,"href":"https:\/\/www.livrariarema.com.br\/loja\/wp-json\/wp\/v2\/media\/341662"}],"wp:attachment":[{"href":"https:\/\/www.livrariarema.com.br\/loja\/wp-json\/wp\/v2\/media?parent=341663"}],"wp:term":[{"taxonomy":"product_cat","embeddable":true,"href":"https:\/\/www.livrariarema.com.br\/loja\/wp-json\/wp\/v2\/product_cat?post=341663"},{"taxonomy":"product_tag","embeddable":true,"href":"https:\/\/www.livrariarema.com.br\/loja\/wp-json\/wp\/v2\/product_tag?post=341663"}],"curies":[{"name":"wp","href":"https:\/\/api.w.org\/{rel}","templated":true}]}}