{"id":341665,"date":"2025-11-28T17:33:21","date_gmt":"2025-11-28T20:33:21","guid":{"rendered":"https:\/\/www.livrariarema.com.br\/loja\/produtos\/sem categoria\/brinquedo-educativo-madeira-balanca-barco\/"},"modified":"2026-04-20T16:51:09","modified_gmt":"2026-04-20T19:51:09","slug":"brinquedo-educativo-madeira-balanca-barco","status":"publish","type":"product","link":"https:\/\/www.livrariarema.com.br\/loja\/produtos\/brinquedos\/brinquedos-educativos\/brinquedo-educativo-madeira-balanca-barco\/","title":{"rendered":"Brinquedo Educativo &#8211; Madeira &#8211; Balan\u00e7a Barco"},"content":{"rendered":"<p>O Balan\u00e7a Barco Montessori \u00e9 um brinquedo educativo que promove o desenvolvimento da coordena\u00e7\u00e3o motora e concentra\u00e7\u00e3o das crian\u00e7as, ao mesmo tempo em que fortalece os la\u00e7os familiares. Feito de madeira resistente e com design seguro, oferece uma experi\u00eancia de brincadeira enriquecedora e divertida.<\/p>\n","protected":false},"excerpt":{"rendered":"<p>O Balan\u00e7a Barco Montessori \u00e9 um brinquedo educativo que promove o desenvolvimento da coordena\u00e7\u00e3o motora e concentra\u00e7\u00e3o das crian\u00e7as, ao&hellip;<\/p>\n","protected":false},"featured_media":341664,"comment_status":"open","ping_status":"closed","template":"","meta":[],"product_cat":[315,319],"product_tag":[],"_links":{"self":[{"href":"https:\/\/www.livrariarema.com.br\/loja\/wp-json\/wp\/v2\/product\/341665"}],"collection":[{"href":"https:\/\/www.livrariarema.com.br\/loja\/wp-json\/wp\/v2\/product"}],"about":[{"href":"https:\/\/www.livrariarema.com.br\/loja\/wp-json\/wp\/v2\/types\/product"}],"replies":[{"embeddable":true,"href":"https:\/\/www.livrariarema.com.br\/loja\/wp-json\/wp\/v2\/comments?post=341665"}],"wp:featuredmedia":[{"embeddable":true,"href":"https:\/\/www.livrariarema.com.br\/loja\/wp-json\/wp\/v2\/media\/341664"}],"wp:attachment":[{"href":"https:\/\/www.livrariarema.com.br\/loja\/wp-json\/wp\/v2\/media?parent=341665"}],"wp:term":[{"taxonomy":"product_cat","embeddable":true,"href":"https:\/\/www.livrariarema.com.br\/loja\/wp-json\/wp\/v2\/product_cat?post=341665"},{"taxonomy":"product_tag","embeddable":true,"href":"https:\/\/www.livrariarema.com.br\/loja\/wp-json\/wp\/v2\/product_tag?post=341665"}],"curies":[{"name":"wp","href":"https:\/\/api.w.org\/{rel}","templated":true}]}}