{"id":341667,"date":"2025-11-28T17:33:28","date_gmt":"2025-11-28T20:33:28","guid":{"rendered":"https:\/\/www.livrariarema.com.br\/loja\/produtos\/sem categoria\/brinquedo-educativo-madeira-trilha-dos-bichos\/"},"modified":"2025-11-28T17:33:30","modified_gmt":"2025-11-28T20:33:30","slug":"brinquedo-educativo-madeira-trilha-dos-bichos","status":"publish","type":"product","link":"https:\/\/www.livrariarema.com.br\/loja\/produtos\/brinquedos\/brinquedos-educativos\/brinquedo-educativo-madeira-trilha-dos-bichos\/","title":{"rendered":"Brinquedo Educativo &#8211; Madeira &#8211; Trilha Dos Bichos"},"content":{"rendered":"<p>O Trilha dos Bichos Montessori \u00e9 um jogo educativo que estimula a interpreta\u00e7\u00e3o, cogni\u00e7\u00e3o e racioc\u00ednio l\u00f3gico das crian\u00e7as. Com dupla face, de um lado apresenta imagens de diferentes animais e do outro lado cores, proporcionando uma atividade divertida e vers\u00e1til. Feito de madeira com superf\u00edcie lisa e bordas arredondadas, \u00e9 seguro e dur\u00e1vel para as crian\u00e7as explorarem e aprenderem.<\/p>\n","protected":false},"excerpt":{"rendered":"<p>O Trilha dos Bichos Montessori \u00e9 um jogo educativo que estimula a interpreta\u00e7\u00e3o, cogni\u00e7\u00e3o e racioc\u00ednio l\u00f3gico das crian\u00e7as. Com&hellip;<\/p>\n","protected":false},"featured_media":341666,"comment_status":"open","ping_status":"closed","template":"","meta":[],"product_cat":[315,319],"product_tag":[],"_links":{"self":[{"href":"https:\/\/www.livrariarema.com.br\/loja\/wp-json\/wp\/v2\/product\/341667"}],"collection":[{"href":"https:\/\/www.livrariarema.com.br\/loja\/wp-json\/wp\/v2\/product"}],"about":[{"href":"https:\/\/www.livrariarema.com.br\/loja\/wp-json\/wp\/v2\/types\/product"}],"replies":[{"embeddable":true,"href":"https:\/\/www.livrariarema.com.br\/loja\/wp-json\/wp\/v2\/comments?post=341667"}],"wp:featuredmedia":[{"embeddable":true,"href":"https:\/\/www.livrariarema.com.br\/loja\/wp-json\/wp\/v2\/media\/341666"}],"wp:attachment":[{"href":"https:\/\/www.livrariarema.com.br\/loja\/wp-json\/wp\/v2\/media?parent=341667"}],"wp:term":[{"taxonomy":"product_cat","embeddable":true,"href":"https:\/\/www.livrariarema.com.br\/loja\/wp-json\/wp\/v2\/product_cat?post=341667"},{"taxonomy":"product_tag","embeddable":true,"href":"https:\/\/www.livrariarema.com.br\/loja\/wp-json\/wp\/v2\/product_tag?post=341667"}],"curies":[{"name":"wp","href":"https:\/\/api.w.org\/{rel}","templated":true}]}}