{"id":341675,"date":"2025-11-28T17:33:58","date_gmt":"2025-11-28T20:33:58","guid":{"rendered":"https:\/\/www.livrariarema.com.br\/loja\/produtos\/sem categoria\/brinquedo-educativo-madeira-torre-multi-encaixe\/"},"modified":"2026-03-05T13:21:13","modified_gmt":"2026-03-05T16:21:13","slug":"brinquedo-educativo-madeira-torre-multi-encaixe","status":"publish","type":"product","link":"https:\/\/www.livrariarema.com.br\/loja\/produtos\/brinquedos\/brinquedos-educativos\/brinquedo-educativo-madeira-torre-multi-encaixe\/","title":{"rendered":"Brinquedo Educativo &#8211; Madeira &#8211; Torre Multi Encaixe"},"content":{"rendered":"<p>A Torre Multi Encaixe \u00e9 um brinquedo que promove o desenvolvimento de habilidades motoras, interpreta\u00e7\u00e3o, racioc\u00ednio l\u00f3gico e aprendizado de conceitos como cores, quantidades, formas geom\u00e9tricas e no\u00e7\u00e3o de espa\u00e7o. Feito de madeira com superf\u00edcie lisa e bordas arredondadas, \u00e9 seguro e dur\u00e1vel para as crian\u00e7as. Consiste em an\u00e9is de madeira e formas geom\u00e9tricas que devem ser encaixados corretamente na base, proporcionando uma experi\u00eancia educativa e divertida.<\/p>\n","protected":false},"excerpt":{"rendered":"<p>A Torre Multi Encaixe \u00e9 um brinquedo que promove o desenvolvimento de habilidades motoras, interpreta\u00e7\u00e3o, racioc\u00ednio l\u00f3gico e aprendizado de&hellip;<\/p>\n","protected":false},"featured_media":341674,"comment_status":"open","ping_status":"closed","template":"","meta":[],"product_cat":[315,319],"product_tag":[],"_links":{"self":[{"href":"https:\/\/www.livrariarema.com.br\/loja\/wp-json\/wp\/v2\/product\/341675"}],"collection":[{"href":"https:\/\/www.livrariarema.com.br\/loja\/wp-json\/wp\/v2\/product"}],"about":[{"href":"https:\/\/www.livrariarema.com.br\/loja\/wp-json\/wp\/v2\/types\/product"}],"replies":[{"embeddable":true,"href":"https:\/\/www.livrariarema.com.br\/loja\/wp-json\/wp\/v2\/comments?post=341675"}],"wp:featuredmedia":[{"embeddable":true,"href":"https:\/\/www.livrariarema.com.br\/loja\/wp-json\/wp\/v2\/media\/341674"}],"wp:attachment":[{"href":"https:\/\/www.livrariarema.com.br\/loja\/wp-json\/wp\/v2\/media?parent=341675"}],"wp:term":[{"taxonomy":"product_cat","embeddable":true,"href":"https:\/\/www.livrariarema.com.br\/loja\/wp-json\/wp\/v2\/product_cat?post=341675"},{"taxonomy":"product_tag","embeddable":true,"href":"https:\/\/www.livrariarema.com.br\/loja\/wp-json\/wp\/v2\/product_tag?post=341675"}],"curies":[{"name":"wp","href":"https:\/\/api.w.org\/{rel}","templated":true}]}}