{"id":341686,"date":"2025-12-02T10:08:22","date_gmt":"2025-12-02T13:08:22","guid":{"rendered":"https:\/\/www.livrariarema.com.br\/loja\/produtos\/sem categoria\/jogo-de-cartas-safari-no-eden\/"},"modified":"2026-02-25T14:27:17","modified_gmt":"2026-02-25T17:27:17","slug":"jogo-de-cartas-safari-no-eden","status":"publish","type":"product","link":"https:\/\/www.livrariarema.com.br\/loja\/produtos\/brinquedos\/jogos-para-familia\/jogo-de-cartas-safari-no-eden\/","title":{"rendered":"Jogo De Cartas &#8211; Safari No Eden"},"content":{"rendered":"<p>Safari no \u00c9den &#8211; Explore o mundo animal do \u00c9den!<\/p>\n<p>No princ\u00edpio, Deus fez os c\u00e9us e a terra, estabeleceu o dia e a noite, ajuntou as \u00e1guas, e criou tamb\u00e9m os animais. O jardim do \u00c9den foi o lugar que Deus escolheu para colocar animais de todos os tipos e h\u00e1bitats diferentes, segundo as suas esp\u00e9cies. O jogo &#8220;Safari no \u00c9den&#8221; te leva de volta ao in\u00edcio e te convida a um Safari divertido com os animais selvagens do \u00c9den! Fa\u00e7a combina\u00e7\u00f5es diferentes entre os animais para conseguir acumular o maior n\u00famero de pontos, e use as cartas especias para impulsionar seus turnos e mudar totalmente o andamento do jogo.<\/p>\n<p>O jogo contempla 100 cartas + livreto &#8220;Manual de instru\u00e7\u00f5es&#8221; mostrando como dar o play nessa \u00e9pica aventura, que possui mais de 30 esp\u00e9cies de animais diferentes para voc\u00ea conhecer e se divertir, e te desafia na estrat\u00e9gia e habilidadade durante as rodadas.<\/p>\n","protected":false},"excerpt":{"rendered":"<p>Safari no \u00c9den &#8211; Explore o mundo animal do \u00c9den! No princ\u00edpio, Deus fez os c\u00e9us e a terra, estabeleceu&hellip;<\/p>\n","protected":false},"featured_media":341685,"comment_status":"open","ping_status":"closed","template":"","meta":[],"product_cat":[315,316],"product_tag":[],"_links":{"self":[{"href":"https:\/\/www.livrariarema.com.br\/loja\/wp-json\/wp\/v2\/product\/341686"}],"collection":[{"href":"https:\/\/www.livrariarema.com.br\/loja\/wp-json\/wp\/v2\/product"}],"about":[{"href":"https:\/\/www.livrariarema.com.br\/loja\/wp-json\/wp\/v2\/types\/product"}],"replies":[{"embeddable":true,"href":"https:\/\/www.livrariarema.com.br\/loja\/wp-json\/wp\/v2\/comments?post=341686"}],"wp:featuredmedia":[{"embeddable":true,"href":"https:\/\/www.livrariarema.com.br\/loja\/wp-json\/wp\/v2\/media\/341685"}],"wp:attachment":[{"href":"https:\/\/www.livrariarema.com.br\/loja\/wp-json\/wp\/v2\/media?parent=341686"}],"wp:term":[{"taxonomy":"product_cat","embeddable":true,"href":"https:\/\/www.livrariarema.com.br\/loja\/wp-json\/wp\/v2\/product_cat?post=341686"},{"taxonomy":"product_tag","embeddable":true,"href":"https:\/\/www.livrariarema.com.br\/loja\/wp-json\/wp\/v2\/product_tag?post=341686"}],"curies":[{"name":"wp","href":"https:\/\/api.w.org\/{rel}","templated":true}]}}