{"id":341688,"date":"2025-12-02T10:08:33","date_gmt":"2025-12-02T13:08:33","guid":{"rendered":"https:\/\/www.livrariarema.com.br\/loja\/produtos\/sem categoria\/forjados-forjando-a-identidade-de-meninos-do-reino\/"},"modified":"2026-04-02T10:21:10","modified_gmt":"2026-04-02T13:21:10","slug":"forjados-forjando-a-identidade-de-meninos-do-reino","status":"publish","type":"product","link":"https:\/\/www.livrariarema.com.br\/loja\/produtos\/livros\/infantil\/forjados-forjando-a-identidade-de-meninos-do-reino\/","title":{"rendered":"Forjados &#8211; Forjando A Identidade De Meninos Do Reino"},"content":{"rendered":"<p>Que homem seu filho est\u00e1 se tornando? Atualmente, nossas crian\u00e7as t\u00eam sido bombardeadas o tempo todo com situa\u00e7\u00f5es, informa\u00e7\u00f5es e desafios que muitas vezes enfrentam sozinhos. Convidamos o seu pequeno para entrar nessa jornada de f\u00e9 e coragem, vamos aprender com grandes homens como, Davi, Pedro, Jo\u00e3o Batista, Tim\u00f3teo. a import\u00e2ncia de estar dentro da forja. Esse livro n\u00e3o \u00e9 apenas um devocional, ele conta com p\u00e1ginas coloridas, ilustra\u00e7\u00f5es exclusivas e um convite de crescimento e maturidade. Voc\u00eas aceitam participar desse processo de ver seus filhos sendo Forjados?<\/p>\n<p>O livro Forjados faz parte do &#8220;O Mundo de Ot\u00e1vio&#8221;, carregando a responsabilidade de propagar o Reino de Deus. Com linguagem infantil e visual cativante, os devocionais acompanham o leitor em um novo caminho de f\u00e9 e reflex\u00e3o.<\/p>\n","protected":false},"excerpt":{"rendered":"<p>Que homem seu filho est\u00e1 se tornando? Atualmente, nossas crian\u00e7as t\u00eam sido bombardeadas o tempo todo com situa\u00e7\u00f5es, informa\u00e7\u00f5es e&hellip;<\/p>\n","protected":false},"featured_media":341687,"comment_status":"open","ping_status":"closed","template":"","meta":[],"product_cat":[144,134],"product_tag":[],"_links":{"self":[{"href":"https:\/\/www.livrariarema.com.br\/loja\/wp-json\/wp\/v2\/product\/341688"}],"collection":[{"href":"https:\/\/www.livrariarema.com.br\/loja\/wp-json\/wp\/v2\/product"}],"about":[{"href":"https:\/\/www.livrariarema.com.br\/loja\/wp-json\/wp\/v2\/types\/product"}],"replies":[{"embeddable":true,"href":"https:\/\/www.livrariarema.com.br\/loja\/wp-json\/wp\/v2\/comments?post=341688"}],"wp:featuredmedia":[{"embeddable":true,"href":"https:\/\/www.livrariarema.com.br\/loja\/wp-json\/wp\/v2\/media\/341687"}],"wp:attachment":[{"href":"https:\/\/www.livrariarema.com.br\/loja\/wp-json\/wp\/v2\/media?parent=341688"}],"wp:term":[{"taxonomy":"product_cat","embeddable":true,"href":"https:\/\/www.livrariarema.com.br\/loja\/wp-json\/wp\/v2\/product_cat?post=341688"},{"taxonomy":"product_tag","embeddable":true,"href":"https:\/\/www.livrariarema.com.br\/loja\/wp-json\/wp\/v2\/product_tag?post=341688"}],"curies":[{"name":"wp","href":"https:\/\/api.w.org\/{rel}","templated":true}]}}